{"id":14,"date":"2024-12-16T10:10:38","date_gmt":"2024-12-16T09:10:38","guid":{"rendered":"https:\/\/wiki.backideal.com\/?page_id=14"},"modified":"2026-01-07T12:13:27","modified_gmt":"2026-01-07T12:13:27","slug":"start-seite-wiki-backideal-com","status":"publish","type":"page","link":"https:\/\/wiki.backideal.com\/","title":{"rendered":"Das Hilfe-System zu B\u00e4ckerei Ideal!"},"content":{"rendered":"<p><span style=\"font-family: arial, helvetica, sans-serif;\">Liebe Anwender von <strong>B\u00e4ckerei Ideal!<\/strong><\/span><\/p>\n<p><span style=\"font-family: arial, helvetica, sans-serif;\">Alle Fenster haben in der rechten oberen Ecke drei Schaltfl\u00e4chen. Eine mit einem [Filmband], die entweder zu einem konkreten Video f\u00fchrt oder zur <strong>Seite mit den Videos zu B\u00e4ckerei Ideal!<\/strong>, eine Schaltfl\u00e4che <strong>[?]<\/strong>, die die relevante Hilfe-Seite aus dem Internet aufruft und das bekannte <strong>[X]<\/strong>, mit dem das Fenster geschlossen werden kann. Dass dies eine Menge Arbeit bedeutet, ist wohl klar, daher wird nicht alles und sofort zu Ihrer Verf\u00fcgung stehen k\u00f6nnen. Wir bitten also um Geduld und beantworten per e-Mail versandte Fragen zum Programm an office@syspredl.com nat\u00fcrlich kostenlos!<\/span><\/p>\n<p><a href=\"https:\/\/www.backideal.com\"><span style=\"font-family: arial, helvetica, sans-serif; font-size: 14pt;\"><span style=\"color: #0000ff;\"><span style=\"text-decoration: underline;\">Zum Web Site von B\u00e4ckerei Ideal!<\/span><\/span><\/span><\/a><\/p>\n<p>&nbsp;<\/p>\n<table style=\"width: 100%; height: 1296px;\">\n<tbody>\n<tr style=\"height: 24px; background-color: #ecedc7;\">\n<td style=\"height: 24px;\"><span style=\"font-family: arial, helvetica, sans-serif;\"><strong><span style=\"font-size: 14pt;\">HILFE \/ ERKL\u00c4RUNGEN zu allen Fenstern von B\u00e4ckerei Ideal!<\/span><\/strong><\/span><\/td>\n<td style=\"height: 24px;\"><span style=\"font-family: arial, helvetica, sans-serif;\"><strong><span style=\"font-size: 14pt;\">Erkl\u00e4rungen zu den Features<br \/>\n<\/span><\/strong><\/span><\/td>\n<td style=\"height: 24px;\"><span style=\"font-family: arial, helvetica, sans-serif;\"><strong><span style=\"font-size: 14pt;\">Erkl\u00e4rungen Allgemein<br \/>\n<\/span><\/strong><\/span><\/td>\n<\/tr>\n<tr style=\"height: 24px;\">\n<td style=\"height: 24px;\"><span style=\"font-family: arial, helvetica, sans-serif; font-size: 14pt;\"><a href=\"https:\/\/wiki.backideal.com\/?page_id=59\"><span style=\"text-decoration: underline;\"><span style=\"color: #0000ff; text-decoration: underline;\">Wie arbeite ich mit diesem Hilfe-System?<\/span><\/span><\/a><strong><br \/>\n<\/strong><\/span><\/td>\n<td style=\"height: 24px;\"><\/td>\n<td style=\"height: 24px;\"><\/td>\n<\/tr>\n<tr style=\"height: 48px;\">\n<td style=\"height: 48px;\"><span style=\"font-family: arial, helvetica, sans-serif; font-size: 14pt;\"><a href=\"https:\/\/wiki.backideal.com\/?page_id=64\"><span style=\"text-decoration: underline;\"><span style=\"color: #0000ff; text-decoration: underline;\"><strong>Das Start-Fenster zur Einrichtung der Datenbank<\/strong><\/span><\/span><\/a><strong><br \/>\n<\/strong><\/span><\/td>\n<td style=\"height: 48px;\"><span style=\"text-decoration: underline;\"><span style=\"color: #0000ff;\"><a style=\"color: #0000ff;\" href=\"https:\/\/wiki.backideal.com\/?page_id=627\"><span style=\"font-family: arial, helvetica, sans-serif; font-size: 14pt;\">Wie funktioniert die Retouren-Begrenzung?<\/span><\/a><\/span><\/span><\/td>\n<td style=\"height: 48px;\"><span style=\"font-family: arial, helvetica, sans-serif; font-size: 14pt;\">B\u00e4ckerei Ideal! ausprobieren + testen<\/span><\/td>\n<\/tr>\n<tr style=\"height: 24px;\">\n<td style=\"height: 24px;\"><span style=\"font-family: arial, helvetica, sans-serif; font-size: 14pt;\"><span style=\"text-decoration: underline;\"><span style=\"color: #0000ff; text-decoration: underline;\"><a style=\"color: #0000ff; text-decoration: underline;\" href=\"https:\/\/wiki.backideal.com\/?page_id=114\"><strong>Das Log-in-Fenster zu B\u00e4ckerei Ideal!<\/strong><\/a><\/span><\/span><strong><br \/>\n<\/strong><\/span><\/td>\n<td style=\"height: 24px;\"><\/td>\n<td style=\"height: 24px;\"><span style=\"font-family: arial, helvetica, sans-serif; font-size: 14pt;\">Es geht los! Schritt f\u00fcr Schritt zum laufenden Programm!<\/span><\/td>\n<\/tr>\n<tr style=\"height: 24px;\">\n<td style=\"height: 24px;\"><span style=\"text-decoration: underline;\"><span style=\"color: #0000ff; text-decoration: underline;\"><a style=\"color: #0000ff; text-decoration: underline;\" href=\"https:\/\/wiki.backideal.com\/?page_id=49\"><span style=\"font-family: arial, helvetica, sans-serif; font-size: 14pt;\"><strong>Das HAUPTMEN\u00dc-Fenster<\/strong><\/span><\/a><\/span><\/span><\/td>\n<td style=\"height: 24px;\"><span style=\"text-decoration: underline;\"><span style=\"color: #0000ff;\"><a style=\"color: #0000ff;\" href=\"https:\/\/wiki.backideal.com\/?page_id=458\"><span style=\"font-family: arial, helvetica, sans-serif; font-size: 14pt;\">Die Lieferschein-Nummern (kurze + lange)<\/span><\/a><\/span><\/span><\/td>\n<td style=\"height: 24px;\"><span style=\"font-family: arial, helvetica, sans-serif; font-size: 14pt;\">Eine Lizenz zu B\u00e4ckerei Ideal! erwerben und die Lizenz eintragen<\/span><\/td>\n<\/tr>\n<tr style=\"height: 24px;\">\n<td style=\"height: 24px;\"><span style=\"text-decoration: underline;\"><span style=\"color: #0000ff;\"><a style=\"color: #0000ff;\" href=\"https:\/\/wiki.backideal.com\/?page_id=137\"><span style=\"font-family: arial, helvetica, sans-serif; font-size: 14pt;\"><strong>1 &#8211; GROUPWARE<\/strong><\/span><\/a><\/span><\/span><\/td>\n<td style=\"height: 24px;\"><span style=\"text-decoration: underline;\"><span style=\"color: #0000ff;\"><a style=\"color: #0000ff;\" href=\"https:\/\/wiki.backideal.com\/?page_id=445\"><span style=\"font-family: arial, helvetica, sans-serif; font-size: 14pt;\">Das Gesch\u00e4ftsjahr und die Rechnungsnummern<\/span><\/a><\/span><\/span><\/td>\n<td style=\"height: 24px;\"><\/td>\n<\/tr>\n<tr style=\"height: 48px;\">\n<td style=\"height: 48px;\"><span style=\"text-decoration: underline;\"><span style=\"color: #0000ff;\"><a style=\"color: #0000ff;\" href=\"https:\/\/wiki.backideal.com\/?page_id=501\"><span style=\"font-family: arial, helvetica, sans-serif; font-size: 14pt;\"><strong>2 &#8211; DATEI<\/strong><\/span><\/a><\/span><\/span><\/td>\n<td style=\"height: 48px;\"><span style=\"text-decoration: underline;\"><span style=\"color: #0000ff;\"><a style=\"color: #0000ff;\" href=\"https:\/\/wiki.backideal.com\/?page_id=466\"><span style=\"font-family: arial, helvetica, sans-serif; font-size: 14pt;\">Die Telefonlisten von B\u00e4ckerei Ideal! Wie funktioniert das?<\/span><\/a><\/span><\/span><\/td>\n<td style=\"height: 48px;\"><span style=\"font-family: arial, helvetica, sans-serif; font-size: 14pt;\">Einplatz: Die Installation von B\u00e4ckerei Ideal! auf einem PC<\/span><\/td>\n<\/tr>\n<tr style=\"height: 24px;\">\n<td style=\"height: 24px;\"><span style=\"text-decoration: underline;\"><span style=\"color: #0000ff;\"><a style=\"color: #0000ff;\" href=\"https:\/\/wiki.backideal.com\/?page_id=901\"><span style=\"font-family: arial, helvetica, sans-serif; font-size: 14pt;\"><strong>3 &#8211; LOGISTIK<\/strong><\/span><\/a><\/span><\/span><\/td>\n<td style=\"height: 24px;\"><span style=\"font-family: arial, helvetica, sans-serif; font-size: 14pt;\">Wie funktioniert die Backzettel- und Teiglisten-Berechnung?<\/span><\/td>\n<td style=\"height: 24px;\"><span style=\"font-family: arial, helvetica, sans-serif; font-size: 14pt;\">Die HFSQL C\/S Datenbank auf Ihrem PC lokal installieren<\/span><\/td>\n<\/tr>\n<tr style=\"height: 48px;\">\n<td style=\"height: 48px;\"><span style=\"text-decoration: underline;\"><span style=\"color: #0000ff;\"><a style=\"color: #0000ff;\" href=\"https:\/\/wiki.backideal.com\/?page_id=741\"><span style=\"font-family: arial, helvetica, sans-serif; font-size: 14pt;\"><strong>4 &#8211; FORMULARE<\/strong><\/span><\/a><\/span><\/span><\/td>\n<td style=\"height: 48px;\"><span style=\"text-decoration: underline;\"><span style=\"color: #0000ff;\"><a style=\"color: #0000ff;\" href=\"https:\/\/wiki.backideal.com\/?page_id=750\"><span style=\"font-family: arial, helvetica, sans-serif; font-size: 14pt;\">Allgemeines zu den Formular- und Listen-Designs<\/span><\/a><\/span><\/span><\/td>\n<td style=\"height: 48px;\"><span style=\"font-family: arial, helvetica, sans-serif; font-size: 14pt;\">Die HFSQL C\/S Datenbank auf einem lokalen Server (Windows \/ Linux) installieren<\/span><\/td>\n<\/tr>\n<tr style=\"height: 24px;\">\n<td style=\"height: 24px;\"><span style=\"text-decoration: underline;\"><span style=\"color: #0000ff;\"><a style=\"color: #0000ff;\" href=\"https:\/\/wiki.backideal.com\/?page_id=720\"><span style=\"font-family: arial, helvetica, sans-serif; font-size: 14pt;\"><strong>5 &#8211; KUNDEN<\/strong><\/span><\/a><\/span><\/span><\/td>\n<td style=\"height: 24px;\"><span style=\"font-family: arial, helvetica, sans-serif; font-size: 14pt;\">Die Zustell-Kosten<\/span><\/td>\n<td style=\"height: 24px;\"><span style=\"font-family: arial, helvetica, sans-serif; font-size: 14pt;\">Die HFSQL C\/S Datenbank auf einem Root-Server installieren<\/span><\/td>\n<\/tr>\n<tr style=\"height: 24px;\">\n<td style=\"height: 24px;\"><span style=\"font-family: arial, helvetica, sans-serif; font-size: 14pt;\"><strong>6 &#8211; ARTIKEL<\/strong><\/span><\/td>\n<td style=\"height: 24px;\"><span style=\"font-family: arial, helvetica, sans-serif; font-size: 14pt;\">Preise, Preislisten und Preislisten-Zuordnung<\/span><\/td>\n<td style=\"height: 24px;\"><span style=\"font-family: arial, helvetica, sans-serif; font-size: 14pt;\">Von HFSQL Classic auf HFSQL C\/S umsteigen<\/span><\/td>\n<\/tr>\n<tr style=\"height: 24px;\">\n<td style=\"height: 24px;\"><span style=\"font-family: arial, helvetica, sans-serif; font-size: 14pt;\"><strong>7 &#8211; STANDARD-BESTELLUNGEN<\/strong><\/span><\/td>\n<td style=\"height: 24px;\"><span style=\"font-family: arial, helvetica, sans-serif; font-size: 14pt;\">Aktionen (Angebote)<\/span><\/td>\n<td style=\"height: 24px;\"><span style=\"font-family: arial, helvetica, sans-serif; font-size: 14pt;\">Mehrplatz: B\u00e4ckerei Ideal! auf einem PC im Netz installieren<\/span><\/td>\n<\/tr>\n<tr style=\"height: 24px;\">\n<td style=\"height: 24px;\"><span style=\"font-family: arial, helvetica, sans-serif; font-size: 14pt;\"><strong>8 &#8211; PREISE<\/strong><\/span><\/td>\n<td style=\"height: 24px;\"><span style=\"font-family: arial, helvetica, sans-serif; font-size: 14pt;\">Wie funktioniert mit den Artikel-Auswahlen?<\/span><\/td>\n<td style=\"height: 24px;\"><span style=\"font-family: arial, helvetica, sans-serif; font-size: 14pt;\">Installation B\u00e4ckerei Ideal! mit HFSQL Classic + NAS-Server<\/span><\/td>\n<\/tr>\n<tr style=\"height: 48px;\">\n<td style=\"height: 48px;\"><span style=\"font-family: arial, helvetica, sans-serif; font-size: 14pt;\"><span style=\"text-decoration: underline;\"><span style=\"color: #0000ff; text-decoration: underline;\"><a style=\"color: #0000ff; text-decoration: underline;\" href=\"https:\/\/wiki.backideal.com\/?page_id=76\"><strong>9 &#8211; BESTELLUNGEN<\/strong><\/a><\/span><\/span> (Lieferscheine)<\/span><\/td>\n<td style=\"height: 48px;\"><span style=\"font-family: arial, helvetica, sans-serif; font-size: 14pt;\">Preislisten f\u00fcr Angebote und f\u00fcr den Aushang drucken<\/span><\/td>\n<td style=\"height: 48px;\"><span style=\"font-family: arial, helvetica, sans-serif; font-size: 14pt;\">Wo ist was bei B\u00e4ckerei Ideal! ?<\/span><\/td>\n<\/tr>\n<tr style=\"height: 24px;\">\n<td style=\"height: 24px;\"><span style=\"text-decoration: underline;\"><span style=\"color: #0000ff;\"><a style=\"color: #0000ff;\" href=\"https:\/\/wiki.backideal.com\/?page_id=898\"><span style=\"font-family: arial, helvetica, sans-serif; font-size: 14pt;\"><strong> 10 &#8211; AUSWERTUNGEN<\/strong><\/span><\/a><\/span><\/span><\/td>\n<td style=\"height: 24px;\"><span style=\"font-family: arial, helvetica, sans-serif; font-size: 14pt;\">Preise \/ Preislisten \u00e4ndern<\/span><\/td>\n<td style=\"height: 24px;\"><span style=\"font-family: arial, helvetica, sans-serif; font-size: 14pt;\">Die Lizenzvereinbarung zu B\u00e4ckerei Ideal!<\/span><\/td>\n<\/tr>\n<tr style=\"height: 24px;\">\n<td style=\"height: 24px;\"><span style=\"font-family: arial, helvetica, sans-serif; font-size: 14pt;\"><strong>11 &#8211; RECHNUNGEN<\/strong><\/span><\/td>\n<td style=\"height: 24px;\"><span style=\"font-family: arial, helvetica, sans-serif; font-size: 14pt;\">Lieferschein-Kunden und Fakturen-Kunden<\/span><\/td>\n<td style=\"height: 24px;\"><span style=\"font-family: arial, helvetica, sans-serif; font-size: 14pt;\">Die 32-bit Version und die 64-bit Version von B\u00e4ckerei Ideal!<\/span><\/td>\n<\/tr>\n<tr style=\"height: 48px;\">\n<td style=\"height: 48px;\"><span style=\"text-decoration: underline;\"><span style=\"color: #0000ff;\"><a style=\"color: #0000ff;\" href=\"https:\/\/wiki.backideal.com\/?page_id=911\"><span style=\"font-family: arial, helvetica, sans-serif; font-size: 14pt;\"><strong>12 &#8211; EINZ\u00c4HLEN<\/strong><\/span><\/a><\/span><\/span><\/td>\n<td style=\"height: 48px;\"><span style=\"font-family: arial, helvetica, sans-serif; font-size: 14pt;\">Artikelgruppen, Preislistengruppen, Backzettelgruppen &#8230;<\/span><\/td>\n<td style=\"height: 48px;\"><span style=\"font-family: arial, helvetica, sans-serif; font-size: 14pt;\">Ein Update zu B\u00e4ckerei Ideal! auf Ihrem PC installieren<\/span><\/td>\n<\/tr>\n<tr style=\"height: 24px;\">\n<td style=\"height: 24px;\"><span style=\"font-family: arial, helvetica, sans-serif; font-size: 14pt;\"><strong>13 &#8211; ZAHLUNGEN<\/strong><\/span><\/td>\n<td style=\"height: 24px;\"><span style=\"font-family: arial, helvetica, sans-serif; font-size: 14pt;\">Logistik (Fahrer, Touren, Ordnungsnummern)<\/span><\/td>\n<td style=\"height: 24px;\"><span style=\"font-family: arial, helvetica, sans-serif; font-size: 14pt;\">Die HFSQL C\/S Datenbank updaten<\/span><\/td>\n<\/tr>\n<tr style=\"height: 24px;\">\n<td style=\"height: 24px;\"><span style=\"font-family: arial, helvetica, sans-serif; font-size: 14pt;\"><strong>14 &#8211; ETIKETTEN<\/strong><\/span><\/td>\n<td style=\"height: 24px;\"><span style=\"font-family: arial, helvetica, sans-serif; font-size: 14pt;\">Die Fremdartikelnummern-Systeme<\/span><\/td>\n<td style=\"height: 24px;\"><span style=\"font-family: arial, helvetica, sans-serif; font-size: 14pt;\">Die De-Installation von B\u00e4ckerei Ideal! + Daten von Ihrem PC<\/span><\/td>\n<\/tr>\n<tr style=\"height: 24px;\">\n<td style=\"height: 24px;\"><span style=\"font-family: arial, helvetica, sans-serif; font-size: 14pt;\"><strong>15 &#8211; KALKULATION<\/strong><\/span><\/td>\n<td style=\"height: 24px;\"><span style=\"font-family: arial, helvetica, sans-serif; font-size: 14pt;\">Die Fakturenartikelnummern-Systeme<\/span><\/td>\n<td style=\"height: 24px;\"><span style=\"font-family: arial, helvetica, sans-serif; font-size: 14pt;\">Das Mengenger\u00fcst von B\u00e4ckerei Ideal!<\/span><\/td>\n<\/tr>\n<tr style=\"height: 48px;\">\n<td style=\"height: 48px;\"><span style=\"font-family: arial, helvetica, sans-serif; font-size: 14pt;\"><strong>16 &#8211; HILFE<\/strong><\/span><\/td>\n<td style=\"height: 48px;\"><span style=\"font-family: arial, helvetica, sans-serif; font-size: 14pt;\">Der Versand von Rechnungen, Lieferscheinen etc. per e-Mail<\/span><\/td>\n<td style=\"height: 48px;\"><span style=\"text-decoration: underline;\"><span style=\"color: #0000ff;\"><a style=\"color: #0000ff;\" href=\"https:\/\/wiki.backideal.com\/?page_id=97\"><span style=\"font-family: arial, helvetica, sans-serif; font-size: 14pt;\">Drucken mit B\u00e4ckerei Ideal!<\/span><\/a><\/span><\/span><\/td>\n<\/tr>\n<tr style=\"height: 48px;\">\n<td style=\"height: 48px;\"><span style=\"font-family: arial, helvetica, sans-serif; font-size: 14pt;\"><strong>VERSIONS-INFORMATION<\/strong><\/span><\/td>\n<td style=\"height: 48px;\"><span style=\"font-family: arial, helvetica, sans-serif; font-size: 14pt;\">Die PRODCOM Codes, den PRODCOM-Bericht drucken<\/span><\/td>\n<td style=\"height: 48px;\"><span style=\"font-family: arial, helvetica, sans-serif; font-size: 14pt;\">Die referentielle Integrit\u00e4t in B\u00e4ckerei Ideal!<\/span><\/td>\n<\/tr>\n<tr style=\"height: 24px;\">\n<td style=\"height: 24px;\"><\/td>\n<td style=\"height: 24px;\"><span style=\"font-family: arial, helvetica, sans-serif; font-size: 14pt;\">Die Lieferstops f\u00fcr Kunden<\/span><\/td>\n<td style=\"height: 24px;\"><a href=\"https:\/\/wiki.backideal.com\/?page_id=757\"><span style=\"text-decoration: underline;\"><span style=\"font-family: arial, helvetica, sans-serif; font-size: 14pt; color: #0000ff; text-decoration: underline;\">Abweichende Papierformate in Windows definieren<\/span><\/span><\/a><\/td>\n<\/tr>\n<tr style=\"height: 24px;\">\n<td style=\"height: 24px;\"><\/td>\n<td style=\"height: 24px;\"><span style=\"font-family: arial, helvetica, sans-serif; font-size: 14pt;\">Die Nicht-Verf\u00fcgbarkeit von Artikeln<\/span><\/td>\n<td style=\"height: 24px;\"><\/td>\n<\/tr>\n<tr>\n<td><\/td>\n<td><\/td>\n<td><span style=\"text-decoration: underline;\"><span style=\"color: #0000ff;\"><a style=\"color: #0000ff;\" href=\"https:\/\/wiki.backideal.com\/?page_id=935\"><span style=\"font-family: arial, helvetica, sans-serif; font-size: 14pt;\"><strong>Die \u00dcberleitung in eine Finanzbuchhaltung<\/strong><\/span><\/a><\/span><\/span><\/td>\n<\/tr>\n<tr style=\"height: 24px;\">\n<td style=\"height: 24px;\"><\/td>\n<td style=\"height: 24px;\"><\/td>\n<td style=\"height: 24px;\"><span style=\"font-family: arial, helvetica, sans-serif; font-size: 14pt;\"><strong>Datensicherung + Beleg-Aufbewahrung<\/strong><\/span><\/td>\n<\/tr>\n<tr style=\"height: 24px;\">\n<td style=\"height: 24px;\"><\/td>\n<td style=\"height: 24px;\"><\/td>\n<td style=\"height: 24px;\"><span style=\"font-family: arial, helvetica, sans-serif; font-size: 14pt;\">Standard-Datensicherung mit HFSQL Classic<\/span><\/td>\n<\/tr>\n<tr style=\"height: 24px;\">\n<td style=\"height: 24px;\"><\/td>\n<td style=\"height: 24px;\"><\/td>\n<td style=\"height: 24px;\"><span style=\"font-family: arial, helvetica, sans-serif; font-size: 14pt;\">Standard-Datensicherung mit HFSQL C\/S<\/span><\/td>\n<\/tr>\n<tr style=\"height: 24px;\">\n<td style=\"height: 24px;\"><\/td>\n<td style=\"height: 24px;\"><\/td>\n<td style=\"height: 24px;\"><span style=\"font-family: arial, helvetica, sans-serif; font-size: 14pt;\">Automatische Datensicherung mit HFSQL C\/S<\/span><\/td>\n<\/tr>\n<tr style=\"height: 24px;\">\n<td style=\"height: 24px;\"><\/td>\n<td style=\"height: 24px;\"><\/td>\n<td style=\"height: 24px;\"><span style=\"font-family: arial, helvetica, sans-serif; font-size: 14pt;\">Warum Daten sichern?<\/span><\/td>\n<\/tr>\n<tr style=\"height: 24px;\">\n<td style=\"height: 24px;\"><\/td>\n<td style=\"height: 24px;\"><\/td>\n<td style=\"height: 24px;\"><span style=\"font-family: arial, helvetica, sans-serif; font-size: 14pt;\">Beleg-Aufbewahrung<\/span><\/td>\n<\/tr>\n<tr style=\"height: 24px;\">\n<td style=\"height: 24px;\"><\/td>\n<td style=\"height: 24px;\"><\/td>\n<td style=\"height: 24px;\"><span style=\"font-family: arial, helvetica, sans-serif; font-size: 14pt;\">PC kaputt , keine aktuelle Datensicherung<\/span><\/td>\n<\/tr>\n<tr style=\"height: 24px;\">\n<td style=\"height: 24px;\"><\/td>\n<td style=\"height: 24px;\"><\/td>\n<td style=\"height: 24px;\"><span style=\"font-family: arial, helvetica, sans-serif; font-size: 14pt;\">Logging ein- bzw ausschalten<\/span><\/td>\n<\/tr>\n<tr style=\"height: 24px;\">\n<td style=\"height: 24px;\"><\/td>\n<td style=\"height: 24px;\"><\/td>\n<td style=\"height: 24px;\"><span style=\"font-family: arial, helvetica, sans-serif; font-size: 14pt;\">Geloggte Daten einspielen<\/span><\/td>\n<\/tr>\n<tr style=\"height: 24px;\">\n<td style=\"height: 24px;\"><\/td>\n<td style=\"height: 24px;\"><\/td>\n<td style=\"height: 24px;\"><\/td>\n<\/tr>\n<tr style=\"height: 24px;\">\n<td style=\"height: 24px;\"><\/td>\n<td style=\"height: 24px;\"><\/td>\n<td style=\"height: 24px;\"><span style=\"font-family: arial, helvetica, sans-serif; font-size: 14pt;\"><strong>Zubeh\u00f6r und seine Bedienung<\/strong><\/span><\/td>\n<\/tr>\n<tr style=\"height: 24px;\">\n<td style=\"height: 24px;\"><\/td>\n<td style=\"height: 24px;\"><\/td>\n<td style=\"height: 24px;\"><span style=\"font-family: arial, helvetica, sans-serif; font-size: 14pt;\">Das HFSQL Control Center<\/span><\/td>\n<\/tr>\n<tr style=\"height: 24px;\">\n<td style=\"height: 24px;\"><\/td>\n<td style=\"height: 24px;\"><\/td>\n<td style=\"height: 24px;\"><span style=\"font-family: arial, helvetica, sans-serif; font-size: 14pt;\">Der kostenlose Berichtsgenerator<\/span><\/td>\n<\/tr>\n<tr style=\"height: 24px;\">\n<td style=\"height: 24px;\"><\/td>\n<td style=\"height: 24px;\"><\/td>\n<td style=\"height: 24px;\"><span style=\"font-family: arial, helvetica, sans-serif; font-size: 14pt;\">Der kostenlose ODBC-Treiber (32 + 64 bit)<\/span><\/td>\n<\/tr>\n<tr style=\"height: 24px;\">\n<td style=\"height: 24px;\"><\/td>\n<td style=\"height: 24px;\"><\/td>\n<td style=\"height: 24px;\"><span style=\"font-family: arial, helvetica, sans-serif; font-size: 14pt;\">Der kostenlose OLEDB-Provider (64-bit)<\/span><\/td>\n<\/tr>\n<tr style=\"height: 24px;\">\n<td style=\"height: 24px;\"><\/td>\n<td style=\"height: 24px;\"><\/td>\n<td style=\"height: 24px;\"><\/td>\n<\/tr>\n<tr style=\"height: 24px;\">\n<td style=\"height: 24px;\"><\/td>\n<td style=\"height: 24px;\"><\/td>\n<td style=\"height: 24px;\"><span style=\"font-family: arial, helvetica, sans-serif; font-size: 14pt;\"><strong>Allg. Bedienungs-Informationen zum Programm<\/strong><\/span><\/td>\n<\/tr>\n<tr style=\"height: 24px;\">\n<td style=\"height: 24px;\"><\/td>\n<td style=\"height: 24px;\"><\/td>\n<td style=\"height: 24px;\"><span style=\"font-family: arial, helvetica, sans-serif; font-size: 14pt;\">Die Druckvorschau in B\u00e4ckerei Ideal!<\/span><\/td>\n<\/tr>\n<tr style=\"height: 24px;\">\n<td style=\"height: 24px;\"><\/td>\n<td style=\"height: 24px;\"><\/td>\n<td style=\"height: 24px;\"><span style=\"font-family: arial, helvetica, sans-serif; font-size: 14pt;\">Das Tabelle-Formular-Paradigma<\/span><\/td>\n<\/tr>\n<tr style=\"height: 24px;\">\n<td style=\"height: 24px;\"><\/td>\n<td style=\"height: 24px;\"><\/td>\n<td style=\"height: 24px;\"><span style=\"font-family: arial, helvetica, sans-serif; font-size: 14pt;\">Die Tabellen in B\u00e4ckerei Ideal!<\/span><\/td>\n<\/tr>\n<tr style=\"height: 24px;\">\n<td style=\"height: 24px;\"><\/td>\n<td style=\"height: 24px;\"><\/td>\n<td style=\"height: 24px;\"><span style=\"font-family: arial, helvetica, sans-serif; font-size: 14pt;\">Die Tooltips in B\u00e4ckerei Ideal!<\/span><\/td>\n<\/tr>\n<tr style=\"height: 24px;\">\n<td style=\"height: 24px;\"><\/td>\n<td style=\"height: 24px;\"><\/td>\n<td style=\"height: 24px;\"><span style=\"font-family: arial, helvetica, sans-serif; font-size: 14pt;\">Was gibt es in B\u00e4ckerei Ideal! nicht?<\/span><\/td>\n<\/tr>\n<tr style=\"height: 24px;\">\n<td style=\"height: 24px;\"><\/td>\n<td style=\"height: 24px;\"><\/td>\n<td style=\"height: 24px;\"><span style=\"font-family: arial, helvetica, sans-serif; font-size: 14pt;\">Eine Farbe w\u00e4hlen<\/span><\/td>\n<\/tr>\n<\/tbody>\n<\/table>\n<p>&nbsp;<\/p>\n<p><span style=\"text-decoration: underline;\"><span style=\"color: #0000ff;\"><a style=\"color: #0000ff;\" href=\"https:\/\/wiki.backideal.com\/?page_id=108\"><span style=\"font-family: arial, helvetica, sans-serif; font-size: 14pt;\">Impressum + Datenschutz-Erkl\u00e4rung<\/span><\/a><\/span><\/span><\/p>\n<p>&nbsp;<\/p>\n<p><span style=\"font-family: verdana, geneva, sans-serif;\"><strong><span style=\"font-size: 14pt;\">Copyright-Vermerk:<\/span><\/strong><\/span><br \/>\n<span style=\"font-family: verdana, geneva, sans-serif; font-size: 14pt;\">Alle Rechte f\u00fcr die Verbreitung und die Vervielf\u00e4ltigung des Programmes <strong>B\u00e4ckerei Plus!<\/strong>, dieses Hilfe-Systems, der Videos und anderer Dokumente liegen bei der<\/span><\/p>\n<p><span style=\"font-family: verdana, geneva, sans-serif; font-size: 14pt;\">Systemhaus Predl<\/span><br \/>\n<span style=\"font-family: verdana, geneva, sans-serif; font-size: 14pt;\">Informationstechnologie-GesmbH<\/span><br \/>\n<span style=\"font-family: verdana, geneva, sans-serif; font-size: 14pt;\">2004 Niederhollabrunn<\/span><br \/>\n<span style=\"font-family: verdana, geneva, sans-serif; font-size: 14pt;\">Leebergstrasse 10<\/span><br \/>\n<span style=\"font-family: verdana, geneva, sans-serif; font-size: 14pt;\">www.syspredl.com<\/span><br \/>\n<span style=\"font-family: verdana, geneva, sans-serif; font-size: 14pt;\">office@syspredl.com<\/span><br \/>\n<span style=\"font-family: verdana, geneva, sans-serif; font-size: 14pt;\">Tel 0043 (0)2269 &#8211; 21353<\/span><\/p>\n<p><span style=\"font-family: verdana, geneva, sans-serif; font-size: 14pt;\">B\u00e4ckerei-Software seit 1982<\/span><\/p>\n<p><span style=\"font-size: 14pt; font-family: verdana, geneva, sans-serif;\">Wir haben uns gro\u00dfe M\u00fche gegeben, das vorliegende Hilfe-System fehlerfrei zu gestalten, falls Sie gravierende Abweichungen von der Wirklichkeit oder sachliche Fehler feststellen, so bitten wir Sie, uns zeitnah davon in Kenntnis zu setzen, wir werden das Hilfe-System umgehend korrigieren! F\u00fcr die Verwendung des Programmes, der Videos, des Hilfe-Systems und der anderen Dokumentation zum Programm m\u00fcssen Sie die Lizenzvereinbarung akzeptiert haben! Wir haften nicht f\u00fcr unrichtige oder dem technischen Stand nicht (mehr) entsprechende Inhalte!<\/span><\/p>\n<p>&nbsp;<\/p>\n","protected":false},"excerpt":{"rendered":"<p>Liebe Anwender von B\u00e4ckerei Ideal! Alle Fenster haben in der rechten oberen Ecke drei Schaltfl\u00e4chen. Eine mit einem [Filmband], die entweder zu einem konkreten Video f\u00fchrt oder zur Seite mit den Videos zu B\u00e4ckerei Ideal!, eine Schaltfl\u00e4che [?], die die relevante Hilfe-Seite aus dem Internet aufruft und das bekannte [X], mit dem das Fenster geschlossen [&hellip;]<\/p>\n","protected":false},"author":1,"featured_media":0,"parent":0,"menu_order":1,"comment_status":"closed","ping_status":"open","template":"page-full.php","meta":{"footnotes":""},"class_list":["post-14","page","type-page","status-publish","hentry"],"_links":{"self":[{"href":"https:\/\/wiki.backideal.com\/index.php?rest_route=\/wp\/v2\/pages\/14","targetHints":{"allow":["GET"]}}],"collection":[{"href":"https:\/\/wiki.backideal.com\/index.php?rest_route=\/wp\/v2\/pages"}],"about":[{"href":"https:\/\/wiki.backideal.com\/index.php?rest_route=\/wp\/v2\/types\/page"}],"author":[{"embeddable":true,"href":"https:\/\/wiki.backideal.com\/index.php?rest_route=\/wp\/v2\/users\/1"}],"replies":[{"embeddable":true,"href":"https:\/\/wiki.backideal.com\/index.php?rest_route=%2Fwp%2Fv2%2Fcomments&post=14"}],"version-history":[{"count":58,"href":"https:\/\/wiki.backideal.com\/index.php?rest_route=\/wp\/v2\/pages\/14\/revisions"}],"predecessor-version":[{"id":937,"href":"https:\/\/wiki.backideal.com\/index.php?rest_route=\/wp\/v2\/pages\/14\/revisions\/937"}],"wp:attachment":[{"href":"https:\/\/wiki.backideal.com\/index.php?rest_route=%2Fwp%2Fv2%2Fmedia&parent=14"}],"curies":[{"name":"wp","href":"https:\/\/api.w.org\/{rel}","templated":true}]}}