{"id":501,"date":"2025-03-30T08:47:27","date_gmt":"2025-03-30T06:47:27","guid":{"rendered":"https:\/\/wiki.backideal.com\/?page_id=501"},"modified":"2025-04-20T10:33:25","modified_gmt":"2025-04-20T08:33:25","slug":"datei","status":"publish","type":"page","link":"https:\/\/wiki.backideal.com\/?page_id=501","title":{"rendered":"2 &#8211; DATEI"},"content":{"rendered":"<p><span style=\"text-decoration: underline;\"><span style=\"color: #0000ff;\"><a style=\"color: #0000ff;\" href=\"https:\/\/wiki.backideal.com\/\"><span style=\"font-family: arial, helvetica, sans-serif; font-size: 14pt;\">[Zur\u00fcck zum Hilfe-System]<\/span><\/a><\/span><\/span><\/p>\n<p><span style=\"font-family: arial, helvetica, sans-serif; font-size: 14pt;\">1 &#8211; <span style=\"text-decoration: underline;\"><span style=\"color: #0000ff;\"><a style=\"color: #0000ff; text-decoration: underline;\" href=\"https:\/\/wiki.backideal.com\/?page_id=513\">Unternehmens-Stamm<\/a><\/span><\/span><\/span><\/p>\n<p><span style=\"font-family: arial, helvetica, sans-serif; font-size: 14pt;\">L &#8211; L\u00f6schen von Daten<\/span><\/p>\n<p><span style=\"font-family: arial, helvetica, sans-serif; font-size: 14pt;\">S &#8211; Datensicherung<\/span><\/p>\n<p><span style=\"font-family: arial, helvetica, sans-serif; font-size: 14pt;\">D &#8211; Drucker w\u00e4hlen \/ einrichten<\/span><\/p>\n<p><span style=\"font-family: arial, helvetica, sans-serif; font-size: 14pt;\">R &#8211; Dateien reparieren<\/span><\/p>\n<p><span style=\"font-family: arial, helvetica, sans-serif; font-size: 14pt;\">I &#8211; Import von Daten<\/span><\/p>\n<p><span style=\"font-family: arial, helvetica, sans-serif; font-size: 14pt;\">N &#8211; Notizen warten \/ l\u00f6schen<\/span><\/p>\n<p><span style=\"font-family: arial, helvetica, sans-serif; font-size: 14pt;\">E &#8211; Voller Daten-Export FA<\/span><\/p>\n<p><span style=\"font-family: arial, helvetica, sans-serif; font-size: 14pt;\">T &#8211; Export nach PrimaPOS<\/span><\/p>\n<p><span style=\"font-family: arial, helvetica, sans-serif; font-size: 14pt;\">2 &#8211; Protokolle<\/span><\/p>\n<p><span style=\"font-family: arial, helvetica, sans-serif; font-size: 14pt;\">Z &#8211; Erzeuge Lieferscheine<\/span><\/p>\n<p><span style=\"font-family: arial, helvetica, sans-serif; font-size: 14pt;\">G &#8211; Datei-Gr\u00f6\u00dfen anzeigen<\/span><\/p>\n<p><span style=\"font-family: arial, helvetica, sans-serif; font-size: 14pt;\">P &#8211; PDF-Repository<\/span><\/p>\n<p><span style=\"font-family: arial, helvetica, sans-serif; font-size: 14pt;\">V &#8211; e-Mail Versand<\/span><\/p>\n<p>&nbsp;<\/p>\n<p>&nbsp;<\/p>\n<p>&nbsp;<\/p>\n<p>&nbsp;<\/p>\n<p>&nbsp;<\/p>\n<p>&nbsp;<\/p>\n<p>&nbsp;<\/p>\n<p>&nbsp;<\/p>\n","protected":false},"excerpt":{"rendered":"<p>[Zur\u00fcck zum Hilfe-System] 1 &#8211; Unternehmens-Stamm L &#8211; L\u00f6schen von Daten S &#8211; Datensicherung D &#8211; Drucker w\u00e4hlen \/ einrichten R &#8211; Dateien reparieren I &#8211; Import von Daten N &#8211; Notizen warten \/ l\u00f6schen E &#8211; Voller Daten-Export FA T &#8211; Export nach PrimaPOS 2 &#8211; Protokolle Z &#8211; Erzeuge Lieferscheine G &#8211; Datei-Gr\u00f6\u00dfen [&hellip;]<\/p>\n","protected":false},"author":1,"featured_media":0,"parent":14,"menu_order":2,"comment_status":"closed","ping_status":"closed","template":"","meta":{"footnotes":""},"class_list":["post-501","page","type-page","status-publish","hentry"],"_links":{"self":[{"href":"https:\/\/wiki.backideal.com\/index.php?rest_route=\/wp\/v2\/pages\/501","targetHints":{"allow":["GET"]}}],"collection":[{"href":"https:\/\/wiki.backideal.com\/index.php?rest_route=\/wp\/v2\/pages"}],"about":[{"href":"https:\/\/wiki.backideal.com\/index.php?rest_route=\/wp\/v2\/types\/page"}],"author":[{"embeddable":true,"href":"https:\/\/wiki.backideal.com\/index.php?rest_route=\/wp\/v2\/users\/1"}],"replies":[{"embeddable":true,"href":"https:\/\/wiki.backideal.com\/index.php?rest_route=%2Fwp%2Fv2%2Fcomments&post=501"}],"version-history":[{"count":13,"href":"https:\/\/wiki.backideal.com\/index.php?rest_route=\/wp\/v2\/pages\/501\/revisions"}],"predecessor-version":[{"id":906,"href":"https:\/\/wiki.backideal.com\/index.php?rest_route=\/wp\/v2\/pages\/501\/revisions\/906"}],"up":[{"embeddable":true,"href":"https:\/\/wiki.backideal.com\/index.php?rest_route=\/wp\/v2\/pages\/14"}],"wp:attachment":[{"href":"https:\/\/wiki.backideal.com\/index.php?rest_route=%2Fwp%2Fv2%2Fmedia&parent=501"}],"curies":[{"name":"wp","href":"https:\/\/api.w.org\/{rel}","templated":true}]}}