{"id":513,"date":"2025-03-30T09:11:06","date_gmt":"2025-03-30T07:11:06","guid":{"rendered":"https:\/\/wiki.backideal.com\/?page_id=513"},"modified":"2025-03-31T06:13:29","modified_gmt":"2025-03-31T04:13:29","slug":"unternehmens-stamm","status":"publish","type":"page","link":"https:\/\/wiki.backideal.com\/?page_id=513","title":{"rendered":"Unternehmens-Stamm"},"content":{"rendered":"<p><span style=\"text-decoration: underline;\"><span style=\"color: #0000ff;\"><a style=\"color: #0000ff;\" href=\"https:\/\/wiki.backideal.com\/?page_id=501\"><span style=\"font-family: arial, helvetica, sans-serif; font-size: 14pt;\">[ Zur\u00fcck zu [Datei] ]<\/span><\/a><\/span><\/span><\/p>\n<p><img loading=\"lazy\" decoding=\"async\" class=\"wp-image-503 alignleft\" src=\"https:\/\/wiki.backideal.com\/wp-content\/uploads\/2025\/03\/Form_USTAMM_1-1024x535.png\" alt=\"\" width=\"600\" height=\"313\" \/><\/p>\n<p>&nbsp;<\/p>\n<p><span style=\"font-family: arial, helvetica, sans-serif;\">Der Unternehmens-Stamm l\u00e4sst Sie alle jene Daten verwalten, f\u00fcr die sich keine eigenen Dateien in der Datenbank auszahlen w\u00fcrden. Diese Daten sind in derzeit 19 Registerkarten untergebracht, die Sie rechts des Registerkarten-Feldes sehen k\u00f6nnen. Im Laufe des vermutlich langen \u201aLebens\u2018 von <strong>B\u00e4ckerei Ideal!<\/strong> k\u00f6nnten sich nat\u00fcrlich weitere Registerkarten hinzugesellen.<\/span><\/p>\n<p><span style=\"font-family: arial, helvetica, sans-serif;\">Der Unternehmens-Stamm gliedert sich in die folgenden Registerkarten:<\/span><\/p>\n<p>&nbsp;<\/p>\n<p>&nbsp;<\/p>\n<p>&nbsp;<\/p>\n<p>&nbsp;<\/p>\n<p>&nbsp;<\/p>\n<p>&nbsp;<\/p>\n<table>\n<tbody>\n<tr>\n<td><span style=\"font-family: arial, helvetica, sans-serif;\"><strong>1 \u2013 <span style=\"text-decoration: underline;\"><span style=\"color: #0000ff; text-decoration: underline;\"><a style=\"color: #0000ff; text-decoration: underline;\" href=\"https:\/\/wiki.backideal.com\/?page_id=525\">Allgemein<\/a><\/span><\/span><\/strong><\/span><\/td>\n<td><span style=\"font-family: arial, helvetica, sans-serif;\"><strong>2 \u2013 <span style=\"text-decoration: underline;\"><span style=\"color: #0000ff;\"><a style=\"color: #0000ff; text-decoration: underline;\" href=\"https:\/\/wiki.backideal.com\/?page_id=539\">Adresse und GLN<\/a><\/span><\/span><\/strong><\/span><\/td>\n<td><span style=\"font-family: arial, helvetica, sans-serif;\"><strong>3 \u2013 <span style=\"text-decoration: underline;\"><span style=\"color: #0000ff;\"><a style=\"color: #0000ff; text-decoration: underline;\" href=\"https:\/\/wiki.backideal.com\/?page_id=550\">Bankverbindungen<\/a><\/span><\/span><\/strong><\/span><\/td>\n<td><span style=\"font-family: arial, helvetica, sans-serif;\"><strong>4 \u2013 <span style=\"text-decoration: underline;\"><span style=\"color: #0000ff;\"><a style=\"color: #0000ff; text-decoration: underline;\" href=\"https:\/\/wiki.backideal.com\/?page_id=558\">Steuerung<\/a><\/span><\/span><\/strong><\/span><\/td>\n<td><span style=\"font-family: arial, helvetica, sans-serif;\"><strong>5 \u2013 <span style=\"text-decoration: underline;\"><span style=\"color: #0000ff;\"><a style=\"color: #0000ff; text-decoration: underline;\" href=\"https:\/\/wiki.backideal.com\/?page_id=566\">Feiertage<\/a><\/span><\/span><\/strong><\/span><\/td>\n<\/tr>\n<tr>\n<td><strong><span style=\"font-family: arial, helvetica, sans-serif;\">6 \u2013 <span style=\"text-decoration: underline;\"><span style=\"color: #0000ff;\"><a style=\"color: #0000ff; text-decoration: underline;\" href=\"https:\/\/wiki.backideal.com\/?page_id=576\">PDF-Dokumente<\/a><\/span><\/span><\/span><\/strong><\/td>\n<td><strong><span style=\"font-family: arial, helvetica, sans-serif;\">7 \u2013 <span style=\"text-decoration: underline;\"><span style=\"color: #0000ff;\"><a style=\"color: #0000ff; text-decoration: underline;\" href=\"https:\/\/wiki.backideal.com\/?page_id=586\">Artikel<\/a><\/span><\/span><\/span><\/strong><\/td>\n<td><strong><span style=\"font-family: arial, helvetica, sans-serif;\">8 \u2013 <span style=\"text-decoration: underline;\"><span style=\"color: #0000ff;\"><a style=\"color: #0000ff; text-decoration: underline;\" href=\"https:\/\/wiki.backideal.com\/?page_id=594\">Artikel-Auswahlen<\/a><\/span><\/span><\/span><\/strong><\/td>\n<td><strong><span style=\"font-family: arial, helvetica, sans-serif;\">9 &#8211; <span style=\"text-decoration: underline;\"><span style=\"color: #0000ff;\"><a style=\"color: #0000ff; text-decoration: underline;\" href=\"https:\/\/wiki.backideal.com\/?page_id=603\">Export-Texte<\/a><\/span><\/span><\/span><\/strong><\/td>\n<td><strong><span style=\"font-family: arial, helvetica, sans-serif;\">10 \u2013 <span style=\"text-decoration: underline;\"><span style=\"color: #0000ff;\"><a style=\"color: #0000ff; text-decoration: underline;\" href=\"https:\/\/wiki.backideal.com\/?page_id=610\">Kunden-Auswahlen<\/a><\/span><\/span><\/span><\/strong><\/td>\n<\/tr>\n<tr>\n<td><strong><span style=\"font-family: arial, helvetica, sans-serif;\">11 \u2013 <span style=\"text-decoration: underline;\"><span style=\"color: #0000ff;\"><a style=\"color: #0000ff; text-decoration: underline;\" href=\"https:\/\/wiki.backideal.com\/?page_id=619\">Telefon-Listen<\/a><\/span><\/span><\/span><\/strong><\/td>\n<td><strong><span style=\"font-family: arial, helvetica, sans-serif;\">12 \u2013 <span style=\"text-decoration: underline;\"><span style=\"color: #0000ff;\"><a style=\"color: #0000ff; text-decoration: underline;\" href=\"https:\/\/wiki.backideal.com\/?page_id=637\">Preislisten<\/a><\/span><\/span><\/span><\/strong><\/td>\n<td><strong><span style=\"font-family: arial, helvetica, sans-serif;\">13 \u2013 <span style=\"text-decoration: underline;\"><span style=\"color: #0000ff;\"><a style=\"color: #0000ff; text-decoration: underline;\" href=\"https:\/\/wiki.backideal.com\/?page_id=649\">Lieferscheine<\/a><\/span><\/span><\/span><\/strong><\/td>\n<td><strong><span style=\"font-family: arial, helvetica, sans-serif;\">14 \u2013 <span style=\"text-decoration: underline;\"><span style=\"color: #0000ff;\"><a style=\"color: #0000ff; text-decoration: underline;\" href=\"https:\/\/wiki.backideal.com\/?page_id=660\">eigene e-Mail<\/a><\/span><\/span><\/span><\/strong><\/td>\n<td><strong><span style=\"font-family: arial, helvetica, sans-serif;\">15 \u2013 <span style=\"text-decoration: underline;\"><span style=\"color: #0000ff;\"><a style=\"color: #0000ff; text-decoration: underline;\" href=\"https:\/\/wiki.backideal.com\/?page_id=672\">Waage<\/a><\/span><\/span><\/span><\/strong><\/td>\n<\/tr>\n<tr>\n<td><strong><span style=\"font-family: arial, helvetica, sans-serif;\">16 \u2013 <a href=\"https:\/\/wiki.backideal.com\/?page_id=680\"><span style=\"text-decoration: underline;\"><span style=\"color: #0000ff;\">\u00dcberschriften<\/span><\/span><\/a><\/span><\/strong><\/td>\n<td><strong><span style=\"font-family: arial, helvetica, sans-serif;\">17 \u2013 <span style=\"text-decoration: underline;\"><span style=\"color: #0000ff;\"><a style=\"color: #0000ff; text-decoration: underline;\" href=\"https:\/\/wiki.backideal.com\/?page_id=690\">Buchhaltung<\/a><\/span><\/span><\/span><\/strong><\/td>\n<td><strong><span style=\"font-family: arial, helvetica, sans-serif;\">18 \u2013 <span style=\"text-decoration: underline;\"><span style=\"color: #0000ff;\"><a style=\"color: #0000ff; text-decoration: underline;\" href=\"https:\/\/wiki.backideal.com\/?page_id=700\">Mahntexte<\/a><\/span><\/span><\/span><\/strong><\/td>\n<td><strong><span style=\"font-family: arial, helvetica, sans-serif;\">19 \u2013 <span style=\"text-decoration: underline;\"><span style=\"color: #0000ff;\"><a style=\"color: #0000ff; text-decoration: underline;\" href=\"https:\/\/wiki.backideal.com\/?page_id=707\">Touren-Auswahlen<\/a><\/span><\/span><\/span><\/strong><\/td>\n<td><\/td>\n<\/tr>\n<\/tbody>\n<\/table>\n","protected":false},"excerpt":{"rendered":"<p>[ Zur\u00fcck zu [Datei] ] &nbsp; Der Unternehmens-Stamm l\u00e4sst Sie alle jene Daten verwalten, f\u00fcr die sich keine eigenen Dateien in der Datenbank auszahlen w\u00fcrden. Diese Daten sind in derzeit 19 Registerkarten untergebracht, die Sie rechts des Registerkarten-Feldes sehen k\u00f6nnen. Im Laufe des vermutlich langen \u201aLebens\u2018 von B\u00e4ckerei Ideal! k\u00f6nnten sich nat\u00fcrlich weitere Registerkarten hinzugesellen. [&hellip;]<\/p>\n","protected":false},"author":1,"featured_media":0,"parent":501,"menu_order":1,"comment_status":"closed","ping_status":"closed","template":"","meta":{"footnotes":""},"class_list":["post-513","page","type-page","status-publish","hentry"],"_links":{"self":[{"href":"https:\/\/wiki.backideal.com\/index.php?rest_route=\/wp\/v2\/pages\/513","targetHints":{"allow":["GET"]}}],"collection":[{"href":"https:\/\/wiki.backideal.com\/index.php?rest_route=\/wp\/v2\/pages"}],"about":[{"href":"https:\/\/wiki.backideal.com\/index.php?rest_route=\/wp\/v2\/types\/page"}],"author":[{"embeddable":true,"href":"https:\/\/wiki.backideal.com\/index.php?rest_route=\/wp\/v2\/users\/1"}],"replies":[{"embeddable":true,"href":"https:\/\/wiki.backideal.com\/index.php?rest_route=%2Fwp%2Fv2%2Fcomments&post=513"}],"version-history":[{"count":32,"href":"https:\/\/wiki.backideal.com\/index.php?rest_route=\/wp\/v2\/pages\/513\/revisions"}],"predecessor-version":[{"id":718,"href":"https:\/\/wiki.backideal.com\/index.php?rest_route=\/wp\/v2\/pages\/513\/revisions\/718"}],"up":[{"embeddable":true,"href":"https:\/\/wiki.backideal.com\/index.php?rest_route=\/wp\/v2\/pages\/501"}],"wp:attachment":[{"href":"https:\/\/wiki.backideal.com\/index.php?rest_route=%2Fwp%2Fv2%2Fmedia&parent=513"}],"curies":[{"name":"wp","href":"https:\/\/api.w.org\/{rel}","templated":true}]}}