{"id":539,"date":"2025-03-30T09:33:14","date_gmt":"2025-03-30T07:33:14","guid":{"rendered":"https:\/\/wiki.backideal.com\/?page_id=539"},"modified":"2025-03-30T09:38:42","modified_gmt":"2025-03-30T07:38:42","slug":"u-stamm-2-adresse-und-gln","status":"publish","type":"page","link":"https:\/\/wiki.backideal.com\/?page_id=539","title":{"rendered":"U-Stamm: 2 &#8211; Adresse und GLN"},"content":{"rendered":"<p><a href=\"https:\/\/wiki.backideal.com\/?page_id=513\"><span style=\"text-decoration: underline;\"><span style=\"font-family: arial, helvetica, sans-serif; font-size: 14pt; color: #0000ff; text-decoration: underline;\">[Zur\u00fcck zum Unternehmens-Stamm]<\/span><\/span><\/a><\/p>\n<p><img loading=\"lazy\" decoding=\"async\" class=\"alignnone wp-image-542\" src=\"https:\/\/wiki.backideal.com\/wp-content\/uploads\/2025\/03\/Form_USTAMM_2-300x160.png\" alt=\"\" width=\"600\" height=\"319\" \/><\/p>\n<p><span style=\"font-family: arial, helvetica, sans-serif; font-size: 14pt;\"><strong>Die eigene Adresse<\/strong><\/span><\/p>\n<p><span style=\"font-family: arial, helvetica, sans-serif;\">Sie k\u00f6nnen hier Ihre eigene Adresse eintragen, die dann auf einigen Dokumenten aufscheinen wird. <strong>Aber Achtung!<\/strong> Sie wird NICHT mehr auf Rechnungen und Lieferscheinen gezeigt wie zB noch in B\u00e4ckerei Plus! Die Adress-Informationstexte f\u00fcr Lieferscheine und Rechnungen k\u00f6nnen in den Formularen f\u00fcr das jeweilige Formular-Design eingetragen werden.<\/span><\/p>\n<p><span style=\"font-family: arial, helvetica, sans-serif; font-size: 14pt;\"><strong>Die GLN (Global Location Number)<\/strong><\/span><\/p>\n<p><span style=\"font-family: arial, helvetica, sans-serif;\">Das ist die Ihnen zugeteilte Nummer von der GS1 Austria. Fr\u00fcher hie\u00df diese Nummer &#8222;EAN-Nummer&#8220;. Je nach GLN-Typ k\u00f6nnen Sie daraus die GTIN (Global Trade Item Number &#8211; die Artikelnummern f\u00fcr den 13-stelligen Strichcode) in <strong>B\u00e4ckerei Extra!<\/strong> erzeugen. Die GLN wird bei der Eingabe gepr\u00fcft, es k\u00f6nnen nur richtige GLN eingetragen werden.<\/span><\/p>\n<p><span style=\"font-family: arial, helvetica, sans-serif;\">Mit der GLN-1 k\u00f6nnen keine Artikelnummern erzeugt werden.<\/span><\/p>\n<p><span style=\"font-family: arial, helvetica, sans-serif;\">Mit der GLN-2 k\u00f6nnen bis zu 99.999 Artikelnummern erzeugt werden.<\/span><\/p>\n<p><span style=\"font-family: arial, helvetica, sans-serif;\">Mit der GLN-3 k\u00f6nnen 999 Artikelnummern erzeugt werden.<\/span><\/p>\n<p>&nbsp;<\/p>\n<p>&nbsp;<\/p>\n","protected":false},"excerpt":{"rendered":"<p>[Zur\u00fcck zum Unternehmens-Stamm] Die eigene Adresse Sie k\u00f6nnen hier Ihre eigene Adresse eintragen, die dann auf einigen Dokumenten aufscheinen wird. Aber Achtung! Sie wird NICHT mehr auf Rechnungen und Lieferscheinen gezeigt wie zB noch in B\u00e4ckerei Plus! Die Adress-Informationstexte f\u00fcr Lieferscheine und Rechnungen k\u00f6nnen in den Formularen f\u00fcr das jeweilige Formular-Design eingetragen werden. Die GLN [&hellip;]<\/p>\n","protected":false},"author":1,"featured_media":0,"parent":513,"menu_order":2,"comment_status":"closed","ping_status":"closed","template":"","meta":{"footnotes":""},"class_list":["post-539","page","type-page","status-publish","hentry"],"_links":{"self":[{"href":"https:\/\/wiki.backideal.com\/index.php?rest_route=\/wp\/v2\/pages\/539","targetHints":{"allow":["GET"]}}],"collection":[{"href":"https:\/\/wiki.backideal.com\/index.php?rest_route=\/wp\/v2\/pages"}],"about":[{"href":"https:\/\/wiki.backideal.com\/index.php?rest_route=\/wp\/v2\/types\/page"}],"author":[{"embeddable":true,"href":"https:\/\/wiki.backideal.com\/index.php?rest_route=\/wp\/v2\/users\/1"}],"replies":[{"embeddable":true,"href":"https:\/\/wiki.backideal.com\/index.php?rest_route=%2Fwp%2Fv2%2Fcomments&post=539"}],"version-history":[{"count":8,"href":"https:\/\/wiki.backideal.com\/index.php?rest_route=\/wp\/v2\/pages\/539\/revisions"}],"predecessor-version":[{"id":549,"href":"https:\/\/wiki.backideal.com\/index.php?rest_route=\/wp\/v2\/pages\/539\/revisions\/549"}],"up":[{"embeddable":true,"href":"https:\/\/wiki.backideal.com\/index.php?rest_route=\/wp\/v2\/pages\/513"}],"wp:attachment":[{"href":"https:\/\/wiki.backideal.com\/index.php?rest_route=%2Fwp%2Fv2%2Fmedia&parent=539"}],"curies":[{"name":"wp","href":"https:\/\/api.w.org\/{rel}","templated":true}]}}