{"id":550,"date":"2025-03-30T09:39:57","date_gmt":"2025-03-30T07:39:57","guid":{"rendered":"https:\/\/wiki.backideal.com\/?page_id=550"},"modified":"2025-03-30T10:15:25","modified_gmt":"2025-03-30T08:15:25","slug":"u-stamm-3-bankverbindungen","status":"publish","type":"page","link":"https:\/\/wiki.backideal.com\/?page_id=550","title":{"rendered":"U-Stamm: 3 \u2013 Bankverbindungen"},"content":{"rendered":"<p><a href=\"https:\/\/wiki.backideal.com\/?page_id=513\"><span style=\"text-decoration: underline;\"><span style=\"font-family: arial, helvetica, sans-serif; font-size: 14pt; color: #0000ff; text-decoration: underline;\">[Zur\u00fcck zum Unternehmens-Stamm]<\/span><\/span><\/a><\/p>\n<p><img loading=\"lazy\" decoding=\"async\" class=\"alignnone wp-image-552\" src=\"https:\/\/wiki.backideal.com\/wp-content\/uploads\/2025\/03\/Form_USTAMM_3-300x157.png\" alt=\"\" width=\"600\" height=\"313\" \/><\/p>\n<p><span style=\"font-family: arial, helvetica, sans-serif; font-size: 14pt;\"><strong>Bankname (1,2,3), BIC und IBAN<\/strong><\/span><\/p>\n<p><span style=\"font-family: arial, helvetica, sans-serif;\">Wenn Sie Ihre Bankverbindung auf Rechnungen und LS=Rechnungen aufdrucken lassen wollen, so sind diese Informationen hier einzutragen. Zuerst der Bankname als Text, dann die BIC, die ja kein Muss mehr ist und zuletzt die IBAN, die Sie mit Klick auf die Schaltfl\u00e4che [Pr\u00fcfen] auf richtige Eingabe pr\u00fcfen lassen k\u00f6nnen.<\/span><\/p>\n<p><span style=\"font-family: arial, helvetica, sans-serif;\">Darunter werden die eventuell aus B\u00e4ckerei 2003 automatisch \u00fcbernommenen Daten dargestellt.<\/span><\/p>\n<p><span style=\"font-family: arial, helvetica, sans-serif;\">(Alternativ k\u00f6nnte sich Ihre Bankverbindung auf einem vorgedruckten Formular, auf einem &#8222;Werbetext&#8220; oder im Rechnungskopf (=&gt; Formular-Design) befinden.)<\/span><\/p>\n<p>&nbsp;<\/p>\n<p>&nbsp;<\/p>\n","protected":false},"excerpt":{"rendered":"<p>[Zur\u00fcck zum Unternehmens-Stamm] Bankname (1,2,3), BIC und IBAN Wenn Sie Ihre Bankverbindung auf Rechnungen und LS=Rechnungen aufdrucken lassen wollen, so sind diese Informationen hier einzutragen. Zuerst der Bankname als Text, dann die BIC, die ja kein Muss mehr ist und zuletzt die IBAN, die Sie mit Klick auf die Schaltfl\u00e4che [Pr\u00fcfen] auf richtige Eingabe pr\u00fcfen [&hellip;]<\/p>\n","protected":false},"author":1,"featured_media":0,"parent":513,"menu_order":3,"comment_status":"closed","ping_status":"closed","template":"","meta":{"footnotes":""},"class_list":["post-550","page","type-page","status-publish","hentry"],"_links":{"self":[{"href":"https:\/\/wiki.backideal.com\/index.php?rest_route=\/wp\/v2\/pages\/550","targetHints":{"allow":["GET"]}}],"collection":[{"href":"https:\/\/wiki.backideal.com\/index.php?rest_route=\/wp\/v2\/pages"}],"about":[{"href":"https:\/\/wiki.backideal.com\/index.php?rest_route=\/wp\/v2\/types\/page"}],"author":[{"embeddable":true,"href":"https:\/\/wiki.backideal.com\/index.php?rest_route=\/wp\/v2\/users\/1"}],"replies":[{"embeddable":true,"href":"https:\/\/wiki.backideal.com\/index.php?rest_route=%2Fwp%2Fv2%2Fcomments&post=550"}],"version-history":[{"count":5,"href":"https:\/\/wiki.backideal.com\/index.php?rest_route=\/wp\/v2\/pages\/550\/revisions"}],"predecessor-version":[{"id":556,"href":"https:\/\/wiki.backideal.com\/index.php?rest_route=\/wp\/v2\/pages\/550\/revisions\/556"}],"up":[{"embeddable":true,"href":"https:\/\/wiki.backideal.com\/index.php?rest_route=\/wp\/v2\/pages\/513"}],"wp:attachment":[{"href":"https:\/\/wiki.backideal.com\/index.php?rest_route=%2Fwp%2Fv2%2Fmedia&parent=550"}],"curies":[{"name":"wp","href":"https:\/\/api.w.org\/{rel}","templated":true}]}}