{"id":558,"date":"2025-03-30T09:44:04","date_gmt":"2025-03-30T07:44:04","guid":{"rendered":"https:\/\/wiki.backideal.com\/?page_id=558"},"modified":"2025-03-30T10:15:56","modified_gmt":"2025-03-30T08:15:56","slug":"u-stamm-4-steuerung","status":"publish","type":"page","link":"https:\/\/wiki.backideal.com\/?page_id=558","title":{"rendered":"U-Stamm: 4 &#8211; Steuerung"},"content":{"rendered":"<p><a href=\"https:\/\/wiki.backideal.com\/?page_id=513\"><span style=\"text-decoration: underline;\"><span style=\"font-family: arial, helvetica, sans-serif; font-size: 14pt; color: #0000ff; text-decoration: underline;\">[Zur\u00fcck zum Unternehmens-Stamm]<\/span><\/span><\/a><\/p>\n<p>&nbsp;<\/p>\n<p><img loading=\"lazy\" decoding=\"async\" class=\"alignnone wp-image-561\" src=\"https:\/\/wiki.backideal.com\/wp-content\/uploads\/2025\/03\/Form_USTAMM_4-300x160.png\" alt=\"\" width=\"600\" height=\"319\" \/><\/p>\n<p><span style=\"font-family: arial, helvetica, sans-serif; font-size: 14pt;\"><strong>Anbindung an Touch Extra! und PrimaPOS (Artikelgruppen + Warengruppen) ?<\/strong><\/span><\/p>\n<p><span style=\"font-family: arial, helvetica, sans-serif;\">Daten aus unseren Kassenprogrammen Touch Extra! und PrimaPOS k\u00f6nnen nach B\u00e4ckerei Ideal! \u00fcbernommen werden. Ebenso k\u00f6nnen die Warengruppen (samt Farben der Tasten!) und die Artikelgruppen in diese Kassenprogramme \u00fcbernommen werden.<\/span><\/p>\n<p><span style=\"font-family: arial, helvetica, sans-serif; font-size: 14pt;\"><strong>Diverse Pfade zu anderen Programmen und Dateien auf dem PC<\/strong><\/span><\/p>\n<p><span style=\"font-family: arial, helvetica, sans-serif;\">Diese Felder dienen der Sicherung Ihrer Eingaben bei den jeweiligen Programmteilen, Sie m\u00fcssen hier nichts eingeben!<\/span><\/p>\n<p>&nbsp;<\/p>\n<p>&nbsp;<\/p>\n<p>&nbsp;<\/p>\n","protected":false},"excerpt":{"rendered":"<p>[Zur\u00fcck zum Unternehmens-Stamm] &nbsp; Anbindung an Touch Extra! und PrimaPOS (Artikelgruppen + Warengruppen) ? Daten aus unseren Kassenprogrammen Touch Extra! und PrimaPOS k\u00f6nnen nach B\u00e4ckerei Ideal! \u00fcbernommen werden. Ebenso k\u00f6nnen die Warengruppen (samt Farben der Tasten!) und die Artikelgruppen in diese Kassenprogramme \u00fcbernommen werden. Diverse Pfade zu anderen Programmen und Dateien auf dem PC Diese [&hellip;]<\/p>\n","protected":false},"author":1,"featured_media":0,"parent":513,"menu_order":4,"comment_status":"closed","ping_status":"closed","template":"","meta":{"footnotes":""},"class_list":["post-558","page","type-page","status-publish","hentry"],"_links":{"self":[{"href":"https:\/\/wiki.backideal.com\/index.php?rest_route=\/wp\/v2\/pages\/558","targetHints":{"allow":["GET"]}}],"collection":[{"href":"https:\/\/wiki.backideal.com\/index.php?rest_route=\/wp\/v2\/pages"}],"about":[{"href":"https:\/\/wiki.backideal.com\/index.php?rest_route=\/wp\/v2\/types\/page"}],"author":[{"embeddable":true,"href":"https:\/\/wiki.backideal.com\/index.php?rest_route=\/wp\/v2\/users\/1"}],"replies":[{"embeddable":true,"href":"https:\/\/wiki.backideal.com\/index.php?rest_route=%2Fwp%2Fv2%2Fcomments&post=558"}],"version-history":[{"count":5,"href":"https:\/\/wiki.backideal.com\/index.php?rest_route=\/wp\/v2\/pages\/558\/revisions"}],"predecessor-version":[{"id":564,"href":"https:\/\/wiki.backideal.com\/index.php?rest_route=\/wp\/v2\/pages\/558\/revisions\/564"}],"up":[{"embeddable":true,"href":"https:\/\/wiki.backideal.com\/index.php?rest_route=\/wp\/v2\/pages\/513"}],"wp:attachment":[{"href":"https:\/\/wiki.backideal.com\/index.php?rest_route=%2Fwp%2Fv2%2Fmedia&parent=558"}],"curies":[{"name":"wp","href":"https:\/\/api.w.org\/{rel}","templated":true}]}}