{"id":566,"date":"2025-03-30T09:50:24","date_gmt":"2025-03-30T07:50:24","guid":{"rendered":"https:\/\/wiki.backideal.com\/?page_id=566"},"modified":"2025-03-30T10:16:31","modified_gmt":"2025-03-30T08:16:31","slug":"u-stamm-5-feiertage","status":"publish","type":"page","link":"https:\/\/wiki.backideal.com\/?page_id=566","title":{"rendered":"U-Stamm: 5 &#8211; Feiertage"},"content":{"rendered":"<p><a href=\"https:\/\/wiki.backideal.com\/?page_id=513\"><span style=\"text-decoration: underline;\"><span style=\"font-family: arial, helvetica, sans-serif; font-size: 14pt; color: #0000ff; text-decoration: underline;\">[Zur\u00fcck zum Unternehmens-Stamm]<\/span><\/span><\/a><\/p>\n<p><span style=\"font-family: arial, helvetica, sans-serif;\">Hier k\u00f6nnen Sie die Farben im Kalender des Datums-Fensters bestimmen und die Feiertage, wie sie in der Lieferschein-Erfassung angezeigt werden sollen. Die im Hauptmen\u00fc angezeigte Uhrzeit richtet sich nach der Uhrzeit unseres Servers in Helsinki \/ Finnland!Sollte Ihre Uhrzeit davon abweichen, so k\u00f6nnen Sie Sommerzeit und Uhrzeit f\u00fcr Ihren Arbeitsplatz hier korrigieren. Ansonsten ist im allgemeinen kein Eingriff in Sachen Uhrzeit n\u00f6tig. Sie klicken weiters die bei Ihnen anfallenden Feiertage an, dann ist die Sache erledigt.<\/span><\/p>\n<p><span style=\"font-family: arial, helvetica, sans-serif;\">Die Standard-Farben sind:<\/span><\/p>\n<p><span style=\"font-family: arial, helvetica, sans-serif;\">Normale Tage: schwarz = 0<\/span><\/p>\n<p><span style=\"font-family: arial, helvetica, sans-serif;\">Aktueller Tag: Helles Blau = 16711680<\/span><\/p>\n<p><span style=\"font-family: arial, helvetica, sans-serif;\">Volle Feiertage: Helles Rot = 255<\/span><\/p>\n<p><span style=\"font-family: arial, helvetica, sans-serif;\">Halbe Feiertage: Pastell Rot = 10066431<\/span><\/p>\n<p><span style=\"font-family: arial, helvetica, sans-serif;\">Info-Tage: Pastell Gr\u00fcn = 10092441<\/span><\/p>\n<p>&nbsp;<\/p>\n<p><img loading=\"lazy\" decoding=\"async\" class=\"alignnone wp-image-570\" src=\"https:\/\/wiki.backideal.com\/wp-content\/uploads\/2025\/03\/Form_USTAMM_5_1-300x157.png\" alt=\"\" width=\"600\" height=\"313\" \/><\/p>\n<p>&nbsp;<\/p>\n<p><img loading=\"lazy\" decoding=\"async\" class=\"alignnone wp-image-568\" src=\"https:\/\/wiki.backideal.com\/wp-content\/uploads\/2025\/03\/Form_USTAMM_5-300x160.png\" alt=\"\" width=\"600\" height=\"319\" \/><\/p>\n<p>&nbsp;<\/p>\n<p><img loading=\"lazy\" decoding=\"async\" class=\"alignnone wp-image-571\" src=\"https:\/\/wiki.backideal.com\/wp-content\/uploads\/2025\/03\/Form_USTAMM_5_3-300x157.png\" alt=\"\" width=\"600\" height=\"313\" \/><\/p>\n<table class=\"TableSansStyleBordureTitre\">\n<tbody>\n<tr>\n<th>Farb-Name<\/th>\n<th><\/th>\n<th>Farb-Wert<\/th>\n<\/tr>\n<tr>\n<td>Transparent<\/td>\n<td><\/td>\n<td>-1<\/td>\n<\/tr>\n<tr>\n<td>White<\/td>\n<td><\/td>\n<td>16777215<\/td>\n<\/tr>\n<tr>\n<td>Black<\/td>\n<td><\/td>\n<td>0<\/td>\n<\/tr>\n<tr>\n<td><span id=\"vmaj_21_ap\" class=\"vmajsup\">Silver<\/span><\/td>\n<td><\/td>\n<td>12632256<\/td>\n<\/tr>\n<tr>\n<td><span id=\"vmaj_21_ap\" class=\"vmajsup\">Bronze<\/span><\/td>\n<td><\/td>\n<td>3309517<\/td>\n<\/tr>\n<tr>\n<td><span id=\"vmaj_21_ap\" class=\"vmajsup\">Gold<\/span><\/td>\n<td><\/td>\n<td>55295<\/td>\n<\/tr>\n<tr>\n<td>LightGray<\/td>\n<td><\/td>\n<td>12632256<\/td>\n<\/tr>\n<tr>\n<td>DarkGray<\/td>\n<td><\/td>\n<td>8421504<\/td>\n<\/tr>\n<tr>\n<td>PastelRed<\/td>\n<td><\/td>\n<td>10066431<\/td>\n<\/tr>\n<tr>\n<td>LightRed<\/td>\n<td><\/td>\n<td>255<\/td>\n<\/tr>\n<tr>\n<td>DarkRed<\/td>\n<td><\/td>\n<td>128<\/td>\n<\/tr>\n<tr>\n<td>PastelGreen<\/td>\n<td><\/td>\n<td>10092441<\/td>\n<\/tr>\n<tr>\n<td>LightGreen<\/td>\n<td><\/td>\n<td>65280<\/td>\n<\/tr>\n<tr>\n<td>DarkGreen<\/td>\n<td><\/td>\n<td>32768<\/td>\n<\/tr>\n<tr>\n<td>PastelBlue<\/td>\n<td><\/td>\n<td>16751001<\/td>\n<\/tr>\n<tr>\n<td>LightBlue<\/td>\n<td><\/td>\n<td>16711680<\/td>\n<\/tr>\n<tr>\n<td>DarkBlue<\/td>\n<td><\/td>\n<td>8388608<\/td>\n<\/tr>\n<tr>\n<td>PastelCyan<\/td>\n<td><\/td>\n<td>16777113<\/td>\n<\/tr>\n<tr>\n<td>LightCyan<\/td>\n<td><\/td>\n<td>16776960<\/td>\n<\/tr>\n<tr>\n<td>DarkCyan<\/td>\n<td><\/td>\n<td>8421376<\/td>\n<\/tr>\n<tr>\n<td>PastelYellow<\/td>\n<td><\/td>\n<td>10092543<\/td>\n<\/tr>\n<tr>\n<td>LightYellow<\/td>\n<td><\/td>\n<td>65535<\/td>\n<\/tr>\n<tr>\n<td>DarkYellow<\/td>\n<td><\/td>\n<td>32896<\/td>\n<\/tr>\n<tr>\n<td>YellowToolhelp<\/td>\n<td><\/td>\n<td>15269887<\/td>\n<\/tr>\n<tr>\n<td>PastelMagenta<\/td>\n<td><\/td>\n<td>16751103<\/td>\n<\/tr>\n<tr>\n<td>LightMagenta<\/td>\n<td><\/td>\n<td>16711935<\/td>\n<\/tr>\n<tr>\n<td>DarkMagenta<\/td>\n<td><\/td>\n<td>8388736<\/td>\n<\/tr>\n<tr>\n<td><span id=\"vmaj_21_ap\" class=\"vmajsup\">PastelPink<\/span><\/td>\n<td><\/td>\n<td>14471679<\/td>\n<\/tr>\n<tr>\n<td><span id=\"vmaj_21_ap\" class=\"vmajsup\">LightPink<\/span><\/td>\n<td><\/td>\n<td>13353215<\/td>\n<\/tr>\n<tr>\n<td><span id=\"vmaj_21_ap\" class=\"vmajsup\">DarkPink<\/span><\/td>\n<td><\/td>\n<td>10382589<\/td>\n<\/tr>\n<tr>\n<td><span id=\"vmaj_21_ap\" class=\"vmajsup\">PastelPurple<\/span><\/td>\n<td><\/td>\n<td>13212107<\/td>\n<\/tr>\n<tr>\n<td><span id=\"vmaj_21_ap\" class=\"vmajsup\">LightPurple<\/span><\/td>\n<td><\/td>\n<td>15631086<\/td>\n<\/tr>\n<tr>\n<td><span id=\"vmaj_21_ap\" class=\"vmajsup\">DarkPurple<\/span><\/td>\n<td><\/td>\n<td>13828244<\/td>\n<\/tr>\n<tr>\n<td><span id=\"vmaj_21_ap\" class=\"vmajsup\">PastelBrown<\/span><\/td>\n<td><\/td>\n<td>6510979<\/td>\n<\/tr>\n<tr>\n<td><span id=\"vmaj_21_ap\" class=\"vmajsup\">LightBrown<\/span><\/td>\n<td><\/td>\n<td>2763429<\/td>\n<\/tr>\n<tr>\n<td><span id=\"vmaj_21_ap\" class=\"vmajsup\">DarkBrown<\/span><\/td>\n<td><\/td>\n<td>10584<\/td>\n<\/tr>\n<tr>\n<td><span id=\"vmaj_21_ap\" class=\"vmajsup\">PastelOrange<\/span><\/td>\n<td><\/td>\n<td>4699135<\/td>\n<\/tr>\n<tr>\n<td><span id=\"vmaj_21_ap\" class=\"vmajsup\">LightOrange<\/span><\/td>\n<td><\/td>\n<td>42495<\/td>\n<\/tr>\n<tr>\n<td><span id=\"vmaj_21_ap\" class=\"vmajsup\">DarkOrange<\/span><\/td>\n<td><\/td>\n<td>36095<\/td>\n<\/tr>\n<\/tbody>\n<\/table>\n<p>&nbsp;<\/p>\n","protected":false},"excerpt":{"rendered":"<p>[Zur\u00fcck zum Unternehmens-Stamm] Hier k\u00f6nnen Sie die Farben im Kalender des Datums-Fensters bestimmen und die Feiertage, wie sie in der Lieferschein-Erfassung angezeigt werden sollen. Die im Hauptmen\u00fc angezeigte Uhrzeit richtet sich nach der Uhrzeit unseres Servers in Helsinki \/ Finnland!Sollte Ihre Uhrzeit davon abweichen, so k\u00f6nnen Sie Sommerzeit und Uhrzeit f\u00fcr Ihren Arbeitsplatz hier korrigieren. [&hellip;]<\/p>\n","protected":false},"author":1,"featured_media":0,"parent":513,"menu_order":5,"comment_status":"closed","ping_status":"closed","template":"","meta":{"footnotes":""},"class_list":["post-566","page","type-page","status-publish","hentry"],"_links":{"self":[{"href":"https:\/\/wiki.backideal.com\/index.php?rest_route=\/wp\/v2\/pages\/566","targetHints":{"allow":["GET"]}}],"collection":[{"href":"https:\/\/wiki.backideal.com\/index.php?rest_route=\/wp\/v2\/pages"}],"about":[{"href":"https:\/\/wiki.backideal.com\/index.php?rest_route=\/wp\/v2\/types\/page"}],"author":[{"embeddable":true,"href":"https:\/\/wiki.backideal.com\/index.php?rest_route=\/wp\/v2\/users\/1"}],"replies":[{"embeddable":true,"href":"https:\/\/wiki.backideal.com\/index.php?rest_route=%2Fwp%2Fv2%2Fcomments&post=566"}],"version-history":[{"count":5,"href":"https:\/\/wiki.backideal.com\/index.php?rest_route=\/wp\/v2\/pages\/566\/revisions"}],"predecessor-version":[{"id":574,"href":"https:\/\/wiki.backideal.com\/index.php?rest_route=\/wp\/v2\/pages\/566\/revisions\/574"}],"up":[{"embeddable":true,"href":"https:\/\/wiki.backideal.com\/index.php?rest_route=\/wp\/v2\/pages\/513"}],"wp:attachment":[{"href":"https:\/\/wiki.backideal.com\/index.php?rest_route=%2Fwp%2Fv2%2Fmedia&parent=566"}],"curies":[{"name":"wp","href":"https:\/\/api.w.org\/{rel}","templated":true}]}}