{"id":576,"date":"2025-03-30T10:00:15","date_gmt":"2025-03-30T08:00:15","guid":{"rendered":"https:\/\/wiki.backideal.com\/?page_id=576"},"modified":"2025-03-30T10:10:00","modified_gmt":"2025-03-30T08:10:00","slug":"u-stamm-6-pdf-dokumente","status":"publish","type":"page","link":"https:\/\/wiki.backideal.com\/?page_id=576","title":{"rendered":"U-Stamm: 6 &#8211; PDF-Dokumente"},"content":{"rendered":"<p><a href=\"https:\/\/wiki.backideal.com\/?page_id=513\"><span style=\"text-decoration: underline;\"><span style=\"font-family: arial, helvetica, sans-serif; font-size: 14pt; color: #0000ff; text-decoration: underline;\">[Zur\u00fcck zum Unternehmens-Stamm]<\/span><\/span><\/a><\/p>\n<p><img loading=\"lazy\" decoding=\"async\" class=\"alignnone wp-image-583\" src=\"https:\/\/wiki.backideal.com\/wp-content\/uploads\/2025\/03\/Form_USTAMM_6-1-300x157.png\" alt=\"\" width=\"600\" height=\"313\" \/><\/p>\n<p><span style=\"font-family: arial, helvetica, sans-serif;\">Sie bestimmen hier jene Dokumente, die Sie als PDF verspeichert haben wollen! Klicken SIe dazu die Checkboxen der jeweiligen Dokumente an.<\/span><\/p>\n<p><span style=\"font-family: arial, helvetica, sans-serif;\">1 \u2013 Andere Drucke. In <strong>B\u00e4ckerei Extra!<\/strong> lassen sich auch alle anderen Druckvorg\u00e4nge von der Druckvorschau her als PDF-Dokument erzeugen und ablegen! Es ist Ihre Aufgabe, diese Drucke \u2013 falls wichtig \u2013 an einem Platz im Computer bzw Netzwerk so zu verspeichern, dass Sie sie auch wiederfinden und sichern(!) k\u00f6nnen. Diese anderen Drucke k\u00f6nnen leider nicht im PDF_REPOSITORY verspeichert werden!<\/span><\/p>\n<p><span style=\"font-family: arial, helvetica, sans-serif;\">2 \u2013 Die hier ausgew\u00e4hlten Dokumente werden zus\u00e4tzlich zum Druck auf Papier automatisch im PDF-Repository gespeichert! PDF-Dokumente aus dem PDF_REPOSITORY k\u00f6nnen sehr leicht wieder aufgefunden, angesehen, gedruckt oder per e-Mail versandt werden. Da das PDF_REPOSITORY mit den \u00fcbrigen Dateien gesichert wird, ist sichergestellt, dass keine Verluste eintreten k\u00f6nnen. Nat\u00fcrlich nur dann, wenn Sie Ihre Daten regelm\u00e4\u00dfig und vertrauensw\u00fcrdig sichern \u2026<\/span><\/p>\n<p><span style=\"font-family: arial, helvetica, sans-serif;\">3 \u2013 PDF\/A-Dokumente sind als Datei etwas gr\u00f6\u00dfer als \u201enormale\u201c PDF-Dokumente, beinhalten aber alle Schriften, die zur Erzeugung des Dokuments verwendet wurden. Der Vorteil ist, dass PDF\/A-Dokumente noch nach langer Zeit wie die Originale aussehen, auch wenn die verwendeten Schriften nicht mehr zur Verf\u00fcgung stehen.<\/span><\/p>\n<p><span style=\"font-family: arial, helvetica, sans-serif;\">4 &#8211; e-Rechnungen (Sammel-Rechnungen, Sofort-Rechnungen und Lieferschein=Rechnung werden im Format PDF\/A3b mit Anhang erzeugt!<\/span><\/p>\n<p>&nbsp;<\/p>\n<p>&nbsp;<\/p>\n","protected":false},"excerpt":{"rendered":"<p>[Zur\u00fcck zum Unternehmens-Stamm] Sie bestimmen hier jene Dokumente, die Sie als PDF verspeichert haben wollen! Klicken SIe dazu die Checkboxen der jeweiligen Dokumente an. 1 \u2013 Andere Drucke. In B\u00e4ckerei Extra! lassen sich auch alle anderen Druckvorg\u00e4nge von der Druckvorschau her als PDF-Dokument erzeugen und ablegen! Es ist Ihre Aufgabe, diese Drucke \u2013 falls wichtig [&hellip;]<\/p>\n","protected":false},"author":1,"featured_media":0,"parent":513,"menu_order":6,"comment_status":"closed","ping_status":"closed","template":"","meta":{"footnotes":""},"class_list":["post-576","page","type-page","status-publish","hentry"],"_links":{"self":[{"href":"https:\/\/wiki.backideal.com\/index.php?rest_route=\/wp\/v2\/pages\/576","targetHints":{"allow":["GET"]}}],"collection":[{"href":"https:\/\/wiki.backideal.com\/index.php?rest_route=\/wp\/v2\/pages"}],"about":[{"href":"https:\/\/wiki.backideal.com\/index.php?rest_route=\/wp\/v2\/types\/page"}],"author":[{"embeddable":true,"href":"https:\/\/wiki.backideal.com\/index.php?rest_route=\/wp\/v2\/users\/1"}],"replies":[{"embeddable":true,"href":"https:\/\/wiki.backideal.com\/index.php?rest_route=%2Fwp%2Fv2%2Fcomments&post=576"}],"version-history":[{"count":6,"href":"https:\/\/wiki.backideal.com\/index.php?rest_route=\/wp\/v2\/pages\/576\/revisions"}],"predecessor-version":[{"id":584,"href":"https:\/\/wiki.backideal.com\/index.php?rest_route=\/wp\/v2\/pages\/576\/revisions\/584"}],"up":[{"embeddable":true,"href":"https:\/\/wiki.backideal.com\/index.php?rest_route=\/wp\/v2\/pages\/513"}],"wp:attachment":[{"href":"https:\/\/wiki.backideal.com\/index.php?rest_route=%2Fwp%2Fv2%2Fmedia&parent=576"}],"curies":[{"name":"wp","href":"https:\/\/api.w.org\/{rel}","templated":true}]}}