{"id":586,"date":"2025-03-30T10:12:22","date_gmt":"2025-03-30T08:12:22","guid":{"rendered":"https:\/\/wiki.backideal.com\/?page_id=586"},"modified":"2025-03-30T10:21:26","modified_gmt":"2025-03-30T08:21:26","slug":"u-stamm-7-artikel","status":"publish","type":"page","link":"https:\/\/wiki.backideal.com\/?page_id=586","title":{"rendered":"U-Stamm: 7 &#8211; Artikel"},"content":{"rendered":"<p><a href=\"https:\/\/wiki.backideal.com\/?page_id=513\"><span style=\"text-decoration: underline;\"><span style=\"font-family: arial, helvetica, sans-serif; font-size: 14pt; color: #0000ff; text-decoration: underline;\">[Zur\u00fcck zum Unternehmens-Stamm]<\/span><\/span><\/a><\/p>\n<p><img loading=\"lazy\" decoding=\"async\" class=\"alignnone wp-image-590 size-large\" src=\"https:\/\/wiki.backideal.com\/wp-content\/uploads\/2025\/03\/Form_USTAMM_7-1024x545.png\" alt=\"\" width=\"760\" height=\"404\" \/><\/p>\n<p><span style=\"font-family: arial, helvetica, sans-serif;\"><span style=\"font-size: 14pt;\"><strong>Die Warengruppe muss zum Artikel erfasst werden<\/strong> [x] oder [ ].<\/span><\/span><\/p>\n<p><span style=\"font-family: arial, helvetica, sans-serif;\">Wenn Sie ein Registrierkassensystem mit <strong>B\u00e4ckerei Ideal!<\/strong> verbinden wollen und den Artikelstamm von <strong>B\u00e4ckerei Ideal!<\/strong> in die Kassen \u00fcbernehmen wollen, so w\u00e4re es klug, auch die Warengruppen \u2013 so wie sie auf der Kasse verwendet werden, auch im B\u00e4ckerei-Programm zu erfassen. Wollen Sie das nicht, so sollten Sie hier kein [x] setzen und k\u00f6nnen damit die Eingabe im Artikeldatensatz vergessen.<\/span><\/p>\n<p><span style=\"font-family: arial, helvetica, sans-serif;\"><span style=\"font-size: 14pt;\"><strong>Der Mehrwertsteuersatz muss zur Warengruppe erfasst werden<\/strong> [x] oder [ ].<\/span><\/span><\/p>\n<p><span style=\"font-family: arial, helvetica, sans-serif;\">Falls Sie den MwSt-Satz in der Warengruppe und damit im Kassensystem ben\u00f6tigen, so k\u00f6nnen Sie hier festlegen, dass bei der Erfassung einer Warengruppe auch der Mehrwertsteuersatz der Warengruppe mit erfasst werden MUSS. Wer es nicht tut, wird selbstverst\u00e4ndlich auf diese Unterlassung aufmerksam gemacht!<\/span><\/p>\n<p><span style=\"font-family: arial, helvetica, sans-serif;\">Nebenbei wird im untenstehenden Text-Kasten erkl\u00e4rt, wie die verschiedenen anderen \u201eGruppen\u201c zum Artikel zu erfassen sind.<\/span><\/p>\n<p><span style=\"font-family: arial, helvetica, sans-serif;\"><strong>Die Artikelgruppe<\/strong> MUSS zu jedem Artikel erfasst werden.<\/span><\/p>\n<p><span style=\"font-family: arial, helvetica, sans-serif;\"><strong>Die Backzettelgruppe<\/strong> KANN zum Artikel erfasst werden, schlie\u00dflich m\u00fcssen nicht alle Artikel aus der Artikeldatei auf dem Backzettel erscheinen.<\/span><\/p>\n<p><span style=\"font-family: arial, helvetica, sans-serif;\"><strong>Die Preislistengruppe<\/strong> KANN zum Artikel erfasst werden. Artikel, die nicht in den Preislisten aufscheinen sollen, m\u00fcssen keiner Preislistengruppe zugeordnet werden!<\/span><\/p>\n<p><span style=\"font-family: arial, helvetica, sans-serif;\"><strong>Die Warengruppe<\/strong> KANN zum Artikel erfasst werden, je nach Bedarf<\/span><\/p>\n<p>&nbsp;<\/p>\n","protected":false},"excerpt":{"rendered":"<p>[Zur\u00fcck zum Unternehmens-Stamm] Die Warengruppe muss zum Artikel erfasst werden [x] oder [ ]. Wenn Sie ein Registrierkassensystem mit B\u00e4ckerei Ideal! verbinden wollen und den Artikelstamm von B\u00e4ckerei Ideal! in die Kassen \u00fcbernehmen wollen, so w\u00e4re es klug, auch die Warengruppen \u2013 so wie sie auf der Kasse verwendet werden, auch im B\u00e4ckerei-Programm zu erfassen. [&hellip;]<\/p>\n","protected":false},"author":1,"featured_media":0,"parent":513,"menu_order":7,"comment_status":"closed","ping_status":"closed","template":"","meta":{"footnotes":""},"class_list":["post-586","page","type-page","status-publish","hentry"],"_links":{"self":[{"href":"https:\/\/wiki.backideal.com\/index.php?rest_route=\/wp\/v2\/pages\/586","targetHints":{"allow":["GET"]}}],"collection":[{"href":"https:\/\/wiki.backideal.com\/index.php?rest_route=\/wp\/v2\/pages"}],"about":[{"href":"https:\/\/wiki.backideal.com\/index.php?rest_route=\/wp\/v2\/types\/page"}],"author":[{"embeddable":true,"href":"https:\/\/wiki.backideal.com\/index.php?rest_route=\/wp\/v2\/users\/1"}],"replies":[{"embeddable":true,"href":"https:\/\/wiki.backideal.com\/index.php?rest_route=%2Fwp%2Fv2%2Fcomments&post=586"}],"version-history":[{"count":5,"href":"https:\/\/wiki.backideal.com\/index.php?rest_route=\/wp\/v2\/pages\/586\/revisions"}],"predecessor-version":[{"id":593,"href":"https:\/\/wiki.backideal.com\/index.php?rest_route=\/wp\/v2\/pages\/586\/revisions\/593"}],"up":[{"embeddable":true,"href":"https:\/\/wiki.backideal.com\/index.php?rest_route=\/wp\/v2\/pages\/513"}],"wp:attachment":[{"href":"https:\/\/wiki.backideal.com\/index.php?rest_route=%2Fwp%2Fv2%2Fmedia&parent=586"}],"curies":[{"name":"wp","href":"https:\/\/api.w.org\/{rel}","templated":true}]}}