{"id":59,"date":"2025-01-22T16:46:24","date_gmt":"2025-01-22T15:46:24","guid":{"rendered":"https:\/\/wiki.backideal.com\/?page_id=59"},"modified":"2025-11-05T08:21:18","modified_gmt":"2025-11-05T08:21:18","slug":"wie-arbeite-ich-mit-diesem-hilfe-system","status":"publish","type":"page","link":"https:\/\/wiki.backideal.com\/?page_id=59","title":{"rendered":"Wie arbeite ich mit diesem Hilfe-System?"},"content":{"rendered":"<p><a href=\"https:\/\/wiki.backideal.com\"><span style=\"background-color: #99ccff;\"><span style=\"color: #000000;\">&lt;= Zur\u00fcck!<\/span><\/span><\/a><\/p>\n<p><span style=\"font-family: arial, helvetica, sans-serif;\"><strong>Es ist ganz einfach!<\/strong><\/span><\/p>\n<p><span style=\"font-family: arial, helvetica, sans-serif;\">Die Hauptseite des Hilfe-Systems zeigt eine Tabelle.<\/span><\/p>\n<p><span style=\"font-family: arial, helvetica, sans-serif;\">Die <strong>linke Spalte<\/strong> listet die Schaltfl\u00e4chen des Hauptmen\u00fcs von <strong>B\u00e4ckerei Ideal!<\/strong>. Klicken Sie auf einen der gezeigten Links, so wird Ihnen das mit Klick auf eine der Schaltfl\u00e4chen gezeigte Men\u00fc auch hier gezeigt. Klicken Sie auf einen der Men\u00fcpunkte, so gelangen Sie zu den Untermen\u00fcs oder gleich zur Hilfe zu einem der Fenster von <strong>B\u00e4ckerei Ideal!<\/strong><\/span><\/p>\n<p><span style=\"font-family: arial, helvetica, sans-serif;\">Die <strong>mittlere Spalte<\/strong> der Tabelle zeigt Links zu den Erkl\u00e4rungen der besonderen Features von <strong>B\u00e4ckerei Ideal! <\/strong><\/span><\/p>\n<p><span style=\"font-family: arial, helvetica, sans-serif;\">Die <strong>rechte Spalte<\/strong> der Tabelle zeigt Links zu wichtigen Informationen von <strong>B\u00e4ckerei Ideal!<\/strong>, die es Ihnen erm\u00f6glichen, Funktionen von <strong>B\u00e4ckerei Ideal!<\/strong> besser zu verstehen.<\/span><\/p>\n<p><span style=\"font-family: arial, helvetica, sans-serif;\">Sie kommen immer zur Hauptseite der Hilfe zur\u00fcck, indem Sie auf das rot-blaue Logo des <strong>Systemhaus Predl<\/strong>\u00a0 oben links auf der Seite klicken!<\/span><\/p>\n<p><span style=\"font-family: arial, helvetica, sans-serif;\">Die auf vielen Seiten des Hilfe-Systems gezeigte Schaltfl\u00e4che <strong>[ Zur\u00fcck! ]<\/strong> f\u00fchrt Sie auf die zuvor gesehene Seite zur\u00fcck!<\/span><\/p>\n<p><span style=\"font-family: arial, helvetica, sans-serif;\"><strong>JEDES FENSTER<\/strong> des Programmes <strong>B\u00e4ckerei Ideal!<\/strong> zeigt in der oberen rechten Ecke ein Fragezeichen <strong>[?]<\/strong>. Wenn Ihr Computer eine Verbindung zum Internet hat, so k\u00f6nnen Sie immer draufklicken und erhalten die Erkl\u00e4rung zu den Funktionen des jeweiligen Fensters in diesem Hilfe-System. Wir werden uns bem\u00fchen, nach Fertigstellung des Programmes <strong>B\u00e4ckerei Ideal!<\/strong> auch ein lokales Hilfe-System (.CHM-Datei) wie zB bei <strong>B\u00e4ckerei Plus!<\/strong> aufzubauen. Dann wird die Hilfe auch ohne Verbindung zum Internet verf\u00fcgbar sein! F\u00fcr uns ist es nat\u00fcrlich weit einfacher, ein zentrales Hilfe-System am Web zu verwalten, weil wir die Informationen jederzeit erweitern \/ bearbeiten k\u00f6nnen ohne dazu ein Update zum Programm aussenden zu m\u00fcssen.<\/span><\/p>\n<p>&nbsp;<\/p>\n","protected":false},"excerpt":{"rendered":"<p>&lt;= Zur\u00fcck! Es ist ganz einfach! Die Hauptseite des Hilfe-Systems zeigt eine Tabelle. Die linke Spalte listet die Schaltfl\u00e4chen des Hauptmen\u00fcs von B\u00e4ckerei Ideal!. Klicken Sie auf einen der gezeigten Links, so wird Ihnen das mit Klick auf eine der Schaltfl\u00e4chen gezeigte Men\u00fc auch hier gezeigt. Klicken Sie auf einen der Men\u00fcpunkte, so gelangen Sie [&hellip;]<\/p>\n","protected":false},"author":1,"featured_media":0,"parent":14,"menu_order":1,"comment_status":"closed","ping_status":"open","template":"page-full.php","meta":{"footnotes":""},"class_list":["post-59","page","type-page","status-publish","hentry"],"_links":{"self":[{"href":"https:\/\/wiki.backideal.com\/index.php?rest_route=\/wp\/v2\/pages\/59","targetHints":{"allow":["GET"]}}],"collection":[{"href":"https:\/\/wiki.backideal.com\/index.php?rest_route=\/wp\/v2\/pages"}],"about":[{"href":"https:\/\/wiki.backideal.com\/index.php?rest_route=\/wp\/v2\/types\/page"}],"author":[{"embeddable":true,"href":"https:\/\/wiki.backideal.com\/index.php?rest_route=\/wp\/v2\/users\/1"}],"replies":[{"embeddable":true,"href":"https:\/\/wiki.backideal.com\/index.php?rest_route=%2Fwp%2Fv2%2Fcomments&post=59"}],"version-history":[{"count":4,"href":"https:\/\/wiki.backideal.com\/index.php?rest_route=\/wp\/v2\/pages\/59\/revisions"}],"predecessor-version":[{"id":927,"href":"https:\/\/wiki.backideal.com\/index.php?rest_route=\/wp\/v2\/pages\/59\/revisions\/927"}],"up":[{"embeddable":true,"href":"https:\/\/wiki.backideal.com\/index.php?rest_route=\/wp\/v2\/pages\/14"}],"wp:attachment":[{"href":"https:\/\/wiki.backideal.com\/index.php?rest_route=%2Fwp%2Fv2%2Fmedia&parent=59"}],"curies":[{"name":"wp","href":"https:\/\/api.w.org\/{rel}","templated":true}]}}