{"id":594,"date":"2025-03-30T10:22:23","date_gmt":"2025-03-30T08:22:23","guid":{"rendered":"https:\/\/wiki.backideal.com\/?page_id=594"},"modified":"2025-03-30T11:06:38","modified_gmt":"2025-03-30T09:06:38","slug":"u-stamm-8-artikel-auswahlen","status":"publish","type":"page","link":"https:\/\/wiki.backideal.com\/?page_id=594","title":{"rendered":"U-Stamm: 8 &#8211; Artikel-Auswahlen"},"content":{"rendered":"<p><a href=\"https:\/\/wiki.backideal.com\/?page_id=513\"><span style=\"text-decoration: underline;\"><span style=\"font-family: arial, helvetica, sans-serif; font-size: 14pt; color: #0000ff; text-decoration: underline;\">[Zur\u00fcck zum Unternehmens-Stamm]<\/span><\/span><\/a><\/p>\n<p><img loading=\"lazy\" decoding=\"async\" class=\"alignnone wp-image-597 size-large\" src=\"https:\/\/wiki.backideal.com\/wp-content\/uploads\/2025\/03\/Form_USTAMM_8-1024x535.png\" alt=\"\" width=\"760\" height=\"397\" \/><\/p>\n<p><span style=\"font-family: arial, helvetica, sans-serif; font-size: 14pt;\"><strong>Die 30 Artikel-Auswahlen<\/strong><\/span><\/p>\n<p><span style=\"font-family: arial, helvetica, sans-serif;\">Die 30 Artikel-Auswahlen in <strong>B\u00e4ckerei Ideal!<\/strong> erm\u00f6glichen es, einen Artikel nicht nur einer sondern bis zu 30 Gruppen zuzuordnen. Wir verwenden diese Auswahlen im Programm f\u00fcr die Zusammenfassung von Artikeln auf Listen und in Statistiken.<\/span><\/p>\n<p>&nbsp;<\/p>\n<p>&nbsp;<\/p>\n<p>&nbsp;<\/p>\n<p>&nbsp;<\/p>\n","protected":false},"excerpt":{"rendered":"<p>[Zur\u00fcck zum Unternehmens-Stamm] Die 30 Artikel-Auswahlen Die 30 Artikel-Auswahlen in B\u00e4ckerei Ideal! erm\u00f6glichen es, einen Artikel nicht nur einer sondern bis zu 30 Gruppen zuzuordnen. Wir verwenden diese Auswahlen im Programm f\u00fcr die Zusammenfassung von Artikeln auf Listen und in Statistiken. &nbsp; &nbsp; &nbsp; &nbsp;<\/p>\n","protected":false},"author":1,"featured_media":0,"parent":513,"menu_order":8,"comment_status":"closed","ping_status":"closed","template":"","meta":{"footnotes":""},"class_list":["post-594","page","type-page","status-publish","hentry"],"_links":{"self":[{"href":"https:\/\/wiki.backideal.com\/index.php?rest_route=\/wp\/v2\/pages\/594","targetHints":{"allow":["GET"]}}],"collection":[{"href":"https:\/\/wiki.backideal.com\/index.php?rest_route=\/wp\/v2\/pages"}],"about":[{"href":"https:\/\/wiki.backideal.com\/index.php?rest_route=\/wp\/v2\/types\/page"}],"author":[{"embeddable":true,"href":"https:\/\/wiki.backideal.com\/index.php?rest_route=\/wp\/v2\/users\/1"}],"replies":[{"embeddable":true,"href":"https:\/\/wiki.backideal.com\/index.php?rest_route=%2Fwp%2Fv2%2Fcomments&post=594"}],"version-history":[{"count":7,"href":"https:\/\/wiki.backideal.com\/index.php?rest_route=\/wp\/v2\/pages\/594\/revisions"}],"predecessor-version":[{"id":618,"href":"https:\/\/wiki.backideal.com\/index.php?rest_route=\/wp\/v2\/pages\/594\/revisions\/618"}],"up":[{"embeddable":true,"href":"https:\/\/wiki.backideal.com\/index.php?rest_route=\/wp\/v2\/pages\/513"}],"wp:attachment":[{"href":"https:\/\/wiki.backideal.com\/index.php?rest_route=%2Fwp%2Fv2%2Fmedia&parent=594"}],"curies":[{"name":"wp","href":"https:\/\/api.w.org\/{rel}","templated":true}]}}