{"id":603,"date":"2025-03-30T10:49:37","date_gmt":"2025-03-30T08:49:37","guid":{"rendered":"https:\/\/wiki.backideal.com\/?page_id=603"},"modified":"2025-03-30T10:56:21","modified_gmt":"2025-03-30T08:56:21","slug":"u-stamm-9-export-texte","status":"publish","type":"page","link":"https:\/\/wiki.backideal.com\/?page_id=603","title":{"rendered":"U-Stamm: 9 &#8211; Export-Texte"},"content":{"rendered":"<p><a href=\"https:\/\/wiki.backideal.com\/?page_id=513\"><span style=\"text-decoration: underline;\"><span style=\"font-family: arial, helvetica, sans-serif; font-size: 14pt; color: #0000ff; text-decoration: underline;\">[Zur\u00fcck zum Unternehmens-Stamm]<\/span><\/span><\/a><\/p>\n<p>&nbsp;<\/p>\n<p><img loading=\"lazy\" decoding=\"async\" class=\"alignnone wp-image-607 size-large\" src=\"https:\/\/wiki.backideal.com\/wp-content\/uploads\/2025\/03\/Form_USTAMM_9-1024x545.png\" alt=\"\" width=\"760\" height=\"404\" \/><\/p>\n<p><span style=\"font-family: arial, helvetica, sans-serif;\">Die hier eingebbaren Texte werden auf RECHNUNGEN (Sammel-Rechnungen, Sofort-Rechnungen und Lieferschein=Rechnungen) zum Info-Text (obehalb des Artikelblocks) hinzugef\u00fcgt. Diese Texte haben<strong> gesetzliche Relevanz<\/strong> und \u00e4ndern sich manchmal, daher sind sie nicht fest im Programm verspeichert, sondern k\u00f6nnen hier eingegeben werden!<\/span><\/p>\n<p>&nbsp;<\/p>\n","protected":false},"excerpt":{"rendered":"<p>[Zur\u00fcck zum Unternehmens-Stamm] &nbsp; Die hier eingebbaren Texte werden auf RECHNUNGEN (Sammel-Rechnungen, Sofort-Rechnungen und Lieferschein=Rechnungen) zum Info-Text (obehalb des Artikelblocks) hinzugef\u00fcgt. Diese Texte haben gesetzliche Relevanz und \u00e4ndern sich manchmal, daher sind sie nicht fest im Programm verspeichert, sondern k\u00f6nnen hier eingegeben werden! &nbsp;<\/p>\n","protected":false},"author":1,"featured_media":0,"parent":513,"menu_order":9,"comment_status":"closed","ping_status":"closed","template":"","meta":{"footnotes":""},"class_list":["post-603","page","type-page","status-publish","hentry"],"_links":{"self":[{"href":"https:\/\/wiki.backideal.com\/index.php?rest_route=\/wp\/v2\/pages\/603","targetHints":{"allow":["GET"]}}],"collection":[{"href":"https:\/\/wiki.backideal.com\/index.php?rest_route=\/wp\/v2\/pages"}],"about":[{"href":"https:\/\/wiki.backideal.com\/index.php?rest_route=\/wp\/v2\/types\/page"}],"author":[{"embeddable":true,"href":"https:\/\/wiki.backideal.com\/index.php?rest_route=\/wp\/v2\/users\/1"}],"replies":[{"embeddable":true,"href":"https:\/\/wiki.backideal.com\/index.php?rest_route=%2Fwp%2Fv2%2Fcomments&post=603"}],"version-history":[{"count":4,"href":"https:\/\/wiki.backideal.com\/index.php?rest_route=\/wp\/v2\/pages\/603\/revisions"}],"predecessor-version":[{"id":609,"href":"https:\/\/wiki.backideal.com\/index.php?rest_route=\/wp\/v2\/pages\/603\/revisions\/609"}],"up":[{"embeddable":true,"href":"https:\/\/wiki.backideal.com\/index.php?rest_route=\/wp\/v2\/pages\/513"}],"wp:attachment":[{"href":"https:\/\/wiki.backideal.com\/index.php?rest_route=%2Fwp%2Fv2%2Fmedia&parent=603"}],"curies":[{"name":"wp","href":"https:\/\/api.w.org\/{rel}","templated":true}]}}