{"id":610,"date":"2025-03-30T10:57:12","date_gmt":"2025-03-30T08:57:12","guid":{"rendered":"https:\/\/wiki.backideal.com\/?page_id=610"},"modified":"2025-03-30T16:29:55","modified_gmt":"2025-03-30T14:29:55","slug":"u-stamm-10-kunden-auswahlen","status":"publish","type":"page","link":"https:\/\/wiki.backideal.com\/?page_id=610","title":{"rendered":"U-Stamm: 10 &#8211; Kunden-Auswahlen"},"content":{"rendered":"<p><a href=\"https:\/\/wiki.backideal.com\/?page_id=513\"><span style=\"text-decoration: underline;\"><span style=\"font-family: arial, helvetica, sans-serif; font-size: 14pt; color: #0000ff; text-decoration: underline;\">[Zur\u00fcck zum Unternehmens-Stamm]<\/span><\/span><\/a><\/p>\n<p><img loading=\"lazy\" decoding=\"async\" class=\"alignnone wp-image-613 size-large\" src=\"https:\/\/wiki.backideal.com\/wp-content\/uploads\/2025\/03\/Form_USTAMM_10-1024x545.png\" alt=\"\" width=\"760\" height=\"404\" \/><\/p>\n<p><span style=\"font-family: arial, helvetica, sans-serif;\">F\u00fcr bestimmte Aufgaben (Listen, Statistiken usw.) kann eine Kunden-Auswahl herangezogen werden. Sie bestimmen im Kunden-Datensatz die Zugeh\u00f6rigkeit eines Kunden zu einer oder mehreren Auswahlen, Sie k\u00f6nnen auch eine Wartungs-Tabelle ([Kunden]..WartungsTabellen..A-Kunden-Auswahl) dazu verwenden, wo Sie auch bessere \u00dcbersicht \u00fcnber die Zugeh\u00f6rigkeit aller Kunden zu einer Auswahl haben.<\/span><\/p>\n<p><span style=\"font-family: arial, helvetica, sans-serif;\">Hier tragen Sie f\u00fcr die von Ihnen verwendeten Kunden-Auswahlen die Namen ein, um sie leichter wieder erkennen zu k\u00f6nnen.<\/span><\/p>\n<p>&nbsp;<\/p>\n","protected":false},"excerpt":{"rendered":"<p>[Zur\u00fcck zum Unternehmens-Stamm] F\u00fcr bestimmte Aufgaben (Listen, Statistiken usw.) kann eine Kunden-Auswahl herangezogen werden. Sie bestimmen im Kunden-Datensatz die Zugeh\u00f6rigkeit eines Kunden zu einer oder mehreren Auswahlen, Sie k\u00f6nnen auch eine Wartungs-Tabelle ([Kunden]..WartungsTabellen..A-Kunden-Auswahl) dazu verwenden, wo Sie auch bessere \u00dcbersicht \u00fcnber die Zugeh\u00f6rigkeit aller Kunden zu einer Auswahl haben. Hier tragen Sie f\u00fcr die von [&hellip;]<\/p>\n","protected":false},"author":1,"featured_media":0,"parent":513,"menu_order":10,"comment_status":"closed","ping_status":"closed","template":"","meta":{"footnotes":""},"class_list":["post-610","page","type-page","status-publish","hentry"],"_links":{"self":[{"href":"https:\/\/wiki.backideal.com\/index.php?rest_route=\/wp\/v2\/pages\/610","targetHints":{"allow":["GET"]}}],"collection":[{"href":"https:\/\/wiki.backideal.com\/index.php?rest_route=\/wp\/v2\/pages"}],"about":[{"href":"https:\/\/wiki.backideal.com\/index.php?rest_route=\/wp\/v2\/types\/page"}],"author":[{"embeddable":true,"href":"https:\/\/wiki.backideal.com\/index.php?rest_route=\/wp\/v2\/users\/1"}],"replies":[{"embeddable":true,"href":"https:\/\/wiki.backideal.com\/index.php?rest_route=%2Fwp%2Fv2%2Fcomments&post=610"}],"version-history":[{"count":6,"href":"https:\/\/wiki.backideal.com\/index.php?rest_route=\/wp\/v2\/pages\/610\/revisions"}],"predecessor-version":[{"id":630,"href":"https:\/\/wiki.backideal.com\/index.php?rest_route=\/wp\/v2\/pages\/610\/revisions\/630"}],"up":[{"embeddable":true,"href":"https:\/\/wiki.backideal.com\/index.php?rest_route=\/wp\/v2\/pages\/513"}],"wp:attachment":[{"href":"https:\/\/wiki.backideal.com\/index.php?rest_route=%2Fwp%2Fv2%2Fmedia&parent=610"}],"curies":[{"name":"wp","href":"https:\/\/api.w.org\/{rel}","templated":true}]}}