{"id":637,"date":"2025-03-30T16:31:52","date_gmt":"2025-03-30T14:31:52","guid":{"rendered":"https:\/\/wiki.backideal.com\/?page_id=637"},"modified":"2025-03-30T16:40:29","modified_gmt":"2025-03-30T14:40:29","slug":"u-stamm-12-preislisten","status":"publish","type":"page","link":"https:\/\/wiki.backideal.com\/?page_id=637","title":{"rendered":"U-Stamm: 12 &#8211; Preislisten"},"content":{"rendered":"<p><a href=\"https:\/\/wiki.backideal.com\/?page_id=513\"><span style=\"text-decoration: underline;\"><span style=\"font-family: arial, helvetica, sans-serif; font-size: 14pt; color: #0000ff; text-decoration: underline;\">[Zur\u00fcck zum Unternehmens-Stamm]<\/span><\/span><\/a><\/p>\n<p>&nbsp;<\/p>\n<p><img loading=\"lazy\" decoding=\"async\" class=\"alignnone wp-image-641 size-large\" src=\"https:\/\/wiki.backideal.com\/wp-content\/uploads\/2025\/03\/Form_USTAMM_12-1024x545.png\" alt=\"\" width=\"760\" height=\"404\" \/><\/p>\n<p><span style=\"font-family: arial, helvetica, sans-serif; font-size: 14pt;\">Mit diesen beiden Schaltern steuern Sie das Verhalten der Preislisten. <\/span><\/p>\n<p><span style=\"font-size: 14pt;\"><strong><span style=\"font-family: arial, helvetica, sans-serif;\">[x] Anlage eines neuen Artikels<\/span><\/strong><\/span><\/p>\n<p><span style=\"font-family: arial, helvetica, sans-serif; font-size: 12pt;\">Mit einem [x] in dieser CheckBox [x] wird bei Neu-Anlage eines Artikels im Artikel-Stamm dieser Artikel in allen vorhandenen Preislisten als Preislisten-Zeile automatisch angelegt. Sie m\u00fcssen sich also nicht darum k\u00fcmmern, ob ein Artikel in einer Preisliste verf\u00fcgbar ist &#8211; mit diesem Schalter sind immer alle Artikel in allen Preislisten verf\u00fcgbar. Die Anlage der Preislisten-Zeilen erfolgt mit Null-Preis, aber <strong>ohne H\u00e4kchen<\/strong> im Kennzeichen <strong>Nullpreis = OK<\/strong>, womit das Programm zwischen automatisch angelegten Preislisten-Zeilen mit Null-Preis und solchen, die mit voller Absicht mit Null-Preis angelegt wurden, unterscheiden kann. Sollten Sie so einen Artikel liefern wollen, so werden Sie von der Lieferschein-Erfassung auf den fehlenden Preis aufmerksam gemacht, k\u00f6nnen den f\u00fcr diesen Kunden richtigen Preis eingeben und den Preis sogar in der Preisliste des Kunden verspeichern lassen!<\/span><\/p>\n<p><span style=\"font-size: 14pt;\"><strong><span style=\"font-family: arial, helvetica, sans-serif;\">[x] Anlage einer neuen Preisliste<\/span><\/strong><\/span><\/p>\n<p><span style=\"font-family: arial, helvetica, sans-serif; font-size: 12pt;\">Mit einem [x] in dieser CheckBox wird, wenn Sie eine neue Preisliste anlegen, diese Preisliste automatisch mit allen Artikeln aus der Lieferschein-Datei beschickt. Sie haben damit sofort eine vollst\u00e4ndige Preisliste erstellt. Allerdings sind die Preislisten-Zeilen mit einem Null-Preis ohne gesetztem H\u00e4kchen Nullpreis = OK ausgestattet. Die Bearbeitung von Preislisten ist stark vereinfacht, wenn in den Preislisten-Zeilen die Datens\u00e4tze bereits ausgef\u00fcllt sind!<\/span><\/p>\n<p><span style=\"font-family: arial, helvetica, sans-serif; font-size: 14pt;\"><span style=\"color: #ff0000;\"><strong>Empfehlung:<\/strong> <\/span><span style=\"font-size: 12pt;\">Wir empfehlen, vom Start mit <strong>B\u00e4ckerei Ideal!<\/strong> beide CheckBoxen gesetzt zu halten! Damit ersparen Sie sich einige Arbeit.<\/span><\/span><\/p>\n<p><span style=\"font-family: arial, helvetica, sans-serif; font-size: 14pt;\"><span style=\"color: #ff0000;\"><strong>Information:<\/strong><\/span> <span style=\"font-size: 12pt;\">In der Preislisten-Bearbeitung gibt es ein Fenster, mit denen Sie Preislisten-Zeilen mit Null-Preis automatisch entfernen lassen k\u00f6nnen bzw Preislisten-Zeilen mit Null-Preis automatisch hinzuf\u00fcgen lassen k\u00f6nnen. Sie k\u00f6nnen damit die Wirkung dieser beiden CheckBoxen f\u00fcr alle oder einzelne Preislisten in einem Artikel-Bereich von\/bis Artikel-Nummer nachtr\u00e4glich korrigieren.<\/span><\/span><\/p>\n<p>&nbsp;<\/p>\n","protected":false},"excerpt":{"rendered":"<p>[Zur\u00fcck zum Unternehmens-Stamm] &nbsp; Mit diesen beiden Schaltern steuern Sie das Verhalten der Preislisten. [x] Anlage eines neuen Artikels Mit einem [x] in dieser CheckBox [x] wird bei Neu-Anlage eines Artikels im Artikel-Stamm dieser Artikel in allen vorhandenen Preislisten als Preislisten-Zeile automatisch angelegt. Sie m\u00fcssen sich also nicht darum k\u00fcmmern, ob ein Artikel in einer [&hellip;]<\/p>\n","protected":false},"author":1,"featured_media":0,"parent":513,"menu_order":12,"comment_status":"closed","ping_status":"closed","template":"","meta":{"footnotes":""},"class_list":["post-637","page","type-page","status-publish","hentry"],"_links":{"self":[{"href":"https:\/\/wiki.backideal.com\/index.php?rest_route=\/wp\/v2\/pages\/637","targetHints":{"allow":["GET"]}}],"collection":[{"href":"https:\/\/wiki.backideal.com\/index.php?rest_route=\/wp\/v2\/pages"}],"about":[{"href":"https:\/\/wiki.backideal.com\/index.php?rest_route=\/wp\/v2\/types\/page"}],"author":[{"embeddable":true,"href":"https:\/\/wiki.backideal.com\/index.php?rest_route=\/wp\/v2\/users\/1"}],"replies":[{"embeddable":true,"href":"https:\/\/wiki.backideal.com\/index.php?rest_route=%2Fwp%2Fv2%2Fcomments&post=637"}],"version-history":[{"count":9,"href":"https:\/\/wiki.backideal.com\/index.php?rest_route=\/wp\/v2\/pages\/637\/revisions"}],"predecessor-version":[{"id":648,"href":"https:\/\/wiki.backideal.com\/index.php?rest_route=\/wp\/v2\/pages\/637\/revisions\/648"}],"up":[{"embeddable":true,"href":"https:\/\/wiki.backideal.com\/index.php?rest_route=\/wp\/v2\/pages\/513"}],"wp:attachment":[{"href":"https:\/\/wiki.backideal.com\/index.php?rest_route=%2Fwp%2Fv2%2Fmedia&parent=637"}],"curies":[{"name":"wp","href":"https:\/\/api.w.org\/{rel}","templated":true}]}}