{"id":649,"date":"2025-03-30T16:41:07","date_gmt":"2025-03-30T14:41:07","guid":{"rendered":"https:\/\/wiki.backideal.com\/?page_id=649"},"modified":"2025-03-30T17:14:57","modified_gmt":"2025-03-30T15:14:57","slug":"u-stamm-13-lieferscheine","status":"publish","type":"page","link":"https:\/\/wiki.backideal.com\/?page_id=649","title":{"rendered":"U-Stamm: 13 &#8211; Lieferscheine"},"content":{"rendered":"<p><a href=\"https:\/\/wiki.backideal.com\/?page_id=513\"><span style=\"text-decoration: underline;\"><span style=\"font-family: arial, helvetica, sans-serif; font-size: 14pt; color: #0000ff; text-decoration: underline;\">[Zur\u00fcck zum Unternehmens-Stamm]<\/span><\/span><\/a><\/p>\n<p><img loading=\"lazy\" decoding=\"async\" class=\"alignnone wp-image-652 size-large\" src=\"https:\/\/wiki.backideal.com\/wp-content\/uploads\/2025\/03\/Form_USTAMM_13-1024x535.png\" alt=\"\" width=\"760\" height=\"397\" \/><\/p>\n<p><strong><span style=\"font-family: arial, helvetica, sans-serif; font-size: 14pt;\">[x] Nullmengen-Zeilen im Lieferschein zul\u00e4ssig<\/span><\/strong><\/p>\n<p><span style=\"font-family: arial, helvetica, sans-serif;\">Hier sind Nullmengen-Zeilen &#8211; wie in B\u00e4ckerei Plus! &#8211; erlaubt! Daraus ergibt sich die nette M\u00f6glichkeit, Standard-Bestellungen mit Nullmengen zu verspeichern. Diese Nullmengen kann man die Liefermengen direkt in der Lieferschein-Zeilen-Tabelle der Lieferschein-Erfassung eintragen und danach die verbliebenen Nullmengen-Zeilen mit dem Button [CL] entfernen.<\/span><\/p>\n<p><strong><span style=\"font-family: arial, helvetica, sans-serif; font-size: 14pt;\">[x] Nullmengen-Zeilen im Lieferschein unzul\u00e4ssig<\/span><\/strong><\/p>\n<p><span style=\"font-family: arial, helvetica, sans-serif;\">Das Verhalten der Lieferschein-Erfassung ist dann mit B\u00e4ckerei 2003 identisch, Leerzeilen werden automatisch gel\u00f6scht.<\/span><\/p>\n<p><strong><span style=\"font-family: arial, helvetica, sans-serif; font-size: 14pt;\">Gedruckte Lieferschein sperren?<\/span><\/strong><\/p>\n<p><strong><span style=\"font-family: arial, helvetica, sans-serif; font-size: 14pt;\">[x] Keine Sperre<\/span><\/strong><\/p>\n<p><span style=\"font-family: arial, helvetica, sans-serif;\">Gedruckte Mengen-Liferscheine, auch gdruckte ausgerechnete Lieferscheine k\u00f6nnen mit dieser Einstellung ver\u00e4ndert und beliebig oft nochmals gedruckt werden.<\/span><\/p>\n<p><strong><span style=\"font-family: arial, helvetica, sans-serif; font-size: 14pt;\">[x] Nur Sperre der Liefermengen auf gedruckten Mengen-Lieferscheinen (Korrektur-Mengen und Retour-Mengen bleiben \u00e4nderbar)<\/span><\/strong><\/p>\n<p><span style=\"font-family: arial, helvetica, sans-serif;\">Damit wird verhindert, dass die Liefer-Mengen ver\u00e4ndert werden. Die Erfassung der Korrekturen und Retouren erfolgt also ganz automatisch in der richtigen Spalte!<\/span><\/p>\n<p><strong><span style=\"font-family: arial, helvetica, sans-serif; font-size: 14pt;\">[x] Alle gedruckten Lieferscheine f\u00fcr Eingaben komplett sperren.<\/span><\/strong><\/p>\n<p><span style=\"font-family: arial, helvetica, sans-serif;\">Damit behandelt man gedruckte Lieferscheine als gedruckte Dokumente, die keine Ver\u00e4nderung gegen\u00fcber dem Dokument, das nun beim Kunden ist, mehr erfahren d\u00fcrfen!<\/span><\/p>\n<p><span style=\"color: #ff0000;\"><strong><span style=\"font-family: arial, helvetica, sans-serif; font-size: 14pt;\">Anmerkung:<\/span><\/strong><span style=\"font-family: arial, helvetica, sans-serif; font-size: 14pt;\"><span style=\"color: #000000;\"><span style=\"font-size: 12pt;\"> Lieferscheine, die mit Sammelrechnungen, Sofortrechnungen und Rechnungen=Lieferschein gedruckt wurden, werden in B\u00e4ckerei Ideal! automatisch gegen Ver\u00e4nderungen gesch\u00fctzt. Der Nachdruck bzw die Korrektur einer Sammelrechnung sollte mit Eintrag der fehlenden Mengen auf einem weiteren Lieferschein erfolgen. Gedruckte Sammelrechnungen werden im Fakturenjournal bei neuerlichem Druck automatisch storniert! (Verhalten wie B\u00e4ckerei Plus!) Es liegt in Ihrer Verantwortung, bereits dem Kunden \u00fcbergebene Sammelrechnungen entweder einzusammeln oder per Gutschrift (= Sofortrechnung) buchhalterisch ungeschehen zu machen.<\/span><\/span><\/span><strong><span style=\"font-family: arial, helvetica, sans-serif; font-size: 14pt;\"><span style=\"color: #000000;\"><br \/>\n<\/span><\/span><\/strong><\/span><\/p>\n<p><strong><span style=\"font-family: arial, helvetica, sans-serif; font-size: 14pt;\">[x] Angezeigtes LS-Datum wird bei Verlassen des Lieferdatums <span style=\"color: #ff0000;\">rot<\/span> gezeigt.<\/span><\/strong><\/p>\n<p><span style=\"font-family: arial, helvetica, sans-serif;\">Sie k\u00f6nnen in <strong>B\u00e4ckerei Ideal!<\/strong> problemlos Lieferscheine jedes beliebigen Datums bearbeiten, die rote Farbe des Datums soll Sie darauf aufmerksam machen, dass Sie sich nicht mehr auf dem Einstiegsdatum befinden!<\/span><\/p>\n<p><strong><span style=\"font-family: arial, helvetica, sans-serif; font-size: 14pt;\">[x] Statt Leerzeichen soll in der Lieferscheinzeilen-Tabelle 0,00 gezeigt werden.<\/span><\/strong><\/p>\n<p><span style=\"font-family: arial, helvetica, sans-serif;\">Standard-m\u00e4\u00dfig werden Null-Mengen in der Lieferscheinzeilen-Tabelle einfach leer dargestellt. Wenn Sie lieber die (mMn schlechter lesbaren) 0,00 sehen wollen, dann m\u00fcssen Sie diese CheckBox klicken.<\/span><\/p>\n<p>&nbsp;<\/p>\n","protected":false},"excerpt":{"rendered":"<p>[Zur\u00fcck zum Unternehmens-Stamm] [x] Nullmengen-Zeilen im Lieferschein zul\u00e4ssig Hier sind Nullmengen-Zeilen &#8211; wie in B\u00e4ckerei Plus! &#8211; erlaubt! Daraus ergibt sich die nette M\u00f6glichkeit, Standard-Bestellungen mit Nullmengen zu verspeichern. Diese Nullmengen kann man die Liefermengen direkt in der Lieferschein-Zeilen-Tabelle der Lieferschein-Erfassung eintragen und danach die verbliebenen Nullmengen-Zeilen mit dem Button [CL] entfernen. [x] Nullmengen-Zeilen im [&hellip;]<\/p>\n","protected":false},"author":1,"featured_media":0,"parent":513,"menu_order":13,"comment_status":"closed","ping_status":"closed","template":"","meta":{"footnotes":""},"class_list":["post-649","page","type-page","status-publish","hentry"],"_links":{"self":[{"href":"https:\/\/wiki.backideal.com\/index.php?rest_route=\/wp\/v2\/pages\/649","targetHints":{"allow":["GET"]}}],"collection":[{"href":"https:\/\/wiki.backideal.com\/index.php?rest_route=\/wp\/v2\/pages"}],"about":[{"href":"https:\/\/wiki.backideal.com\/index.php?rest_route=\/wp\/v2\/types\/page"}],"author":[{"embeddable":true,"href":"https:\/\/wiki.backideal.com\/index.php?rest_route=\/wp\/v2\/users\/1"}],"replies":[{"embeddable":true,"href":"https:\/\/wiki.backideal.com\/index.php?rest_route=%2Fwp%2Fv2%2Fcomments&post=649"}],"version-history":[{"count":7,"href":"https:\/\/wiki.backideal.com\/index.php?rest_route=\/wp\/v2\/pages\/649\/revisions"}],"predecessor-version":[{"id":658,"href":"https:\/\/wiki.backideal.com\/index.php?rest_route=\/wp\/v2\/pages\/649\/revisions\/658"}],"up":[{"embeddable":true,"href":"https:\/\/wiki.backideal.com\/index.php?rest_route=\/wp\/v2\/pages\/513"}],"wp:attachment":[{"href":"https:\/\/wiki.backideal.com\/index.php?rest_route=%2Fwp%2Fv2%2Fmedia&parent=649"}],"curies":[{"name":"wp","href":"https:\/\/api.w.org\/{rel}","templated":true}]}}