{"id":942,"date":"2026-04-25T07:43:36","date_gmt":"2026-04-25T07:43:36","guid":{"rendered":"https:\/\/wiki.backideal.com\/?page_id=942"},"modified":"2026-04-25T07:51:31","modified_gmt":"2026-04-25T07:51:31","slug":"die-automatischen-anwendungs-features-von-baeckerei-ideal","status":"publish","type":"page","link":"https:\/\/wiki.backideal.com\/?page_id=942","title":{"rendered":"Die automatischen Anwendungs-Features von B\u00e4ckerei Ideal!"},"content":{"rendered":"<p><span style=\"text-decoration: underline;\"><span style=\"color: #0000ff;\"><a style=\"color: #0000ff;\" href=\"https:\/\/wiki.backideal.com\/\"><span style=\"font-family: arial, helvetica, sans-serif; font-size: 14pt;\">Zur\u00fcck zum Start des Hilfe-Systems<\/span><\/a><\/span><\/span><\/p>\n<p><strong><span style=\"font-family: arial, helvetica, sans-serif;\">B\u00e4ckerei Ideal! wurde mit WINDEV 2024 von PCSOFT (<span style=\"text-decoration: underline;\"><span style=\"color: #0000ff;\"><a style=\"color: #0000ff; text-decoration: underline;\" href=\"http:\/\/www.pcsoft.fr\">http:\/\/www.pcsoft.fr<\/a><\/span><\/span>) erstellt.<\/span><\/strong><\/p>\n<p><span style=\"font-family: arial, helvetica, sans-serif;\">Das folgende ist eine an <strong>B\u00e4ckerei Ideal!<\/strong> angepasste Kurz-\u00dcbersetzung des in franz\u00f6sischer Sprache vorliegenden Dokuments AAF.PDF in deutsche Sprache. Siehe: <span style=\"text-decoration: underline;\"><span style=\"color: #0000ff; text-decoration: underline;\"><a style=\"color: #0000ff; text-decoration: underline;\" href=\"https:\/\/pcsoft.fr\/windev\/faa\/1\/index.html\">https:\/\/pcsoft.fr\/windev\/faa\/1\/index.html<\/a><\/span><\/span> Die englische Version (v18) liegt <strong>B\u00e4ckerei Ideal!<\/strong> bei und kann mit einem Klick auf die Schaltfl\u00e4che <strong>[\u00a0Hilfe\u00a0]<\/strong> <span style=\"text-decoration: underline;\">links am Hauptmen\u00fc<\/span> und das dann gezeigte Men\u00fc aufgerufen werden. Alle Rechte an diesem Dokument liegen bei PCSOFT<\/span><\/p>\n<p><span style=\"font-size: 14pt;\"><strong><span style=\"font-family: arial, helvetica, sans-serif;\">Nutzen Sie die Funktionen Ihrer Software optimal<\/span><\/strong><\/span><\/p>\n<p><span style=\"font-family: arial, helvetica, sans-serif;\">Herzlichen Gl\u00fcckwunsch!<\/span><\/p>\n<p><span style=\"font-family: arial, helvetica, sans-serif;\">Sie verwenden das mit WINDEV (von www.pcsoft.fr) entwickelte <strong>B\u00e4ckerei Ideal!<\/strong>, was beweist, dass Ihr Anbieter auf dem <\/span><span style=\"font-family: arial, helvetica, sans-serif;\">neuesten Stand der Technik ist!<\/span><\/p>\n<p><span style=\"font-family: arial, helvetica, sans-serif;\">Weltweit werden t\u00e4glich mehrere Millionen mit WINDEV entwickelte Anwendungen <\/span><span style=\"font-family: arial, helvetica, sans-serif;\">genutzt.<\/span><\/p>\n<p><span style=\"font-family: arial, helvetica, sans-serif;\">Um Ihnen zu helfen, Ihre Software noch besser zu nutzen, empfehlen wir Ihnen, dieses Dokument <\/span><span style=\"font-family: arial, helvetica, sans-serif;\">zu lesen.<\/span><\/p>\n<p><span style=\"font-family: arial, helvetica, sans-serif;\">Dieses Dokument stellt die wichtigsten Funktionen vor, die f\u00fcr den t\u00e4glichen Gebrauch Ihrer <\/span><span style=\"font-family: arial, helvetica, sans-serif;\">Anwendungen n\u00fctzlich sind. Diese Funktionen sind automatisch in Ihre Anwendungen integriert. Es handelt sich hier um <\/span><span style=\"font-family: arial, helvetica, sans-serif;\">die <strong>Automatischen Anwendungs-Funktionen <\/strong>(AAF) von <strong>B\u00e4ckerei Ideal!<\/strong>.<\/span><\/p>\n<p><span style=\"font-family: arial, helvetica, sans-serif;\">Diese Erkl\u00e4rungen enthalten keine vollst\u00e4ndigen Informationen: Nicht alle automatischen Funktionen <\/span><span style=\"font-family: arial, helvetica, sans-serif;\">Ihrer Anwendungen sind hier aufgef\u00fchrt und detailliert beschrieben. Die von der Systemhaus Predl IT-GmbH zur Standard-Oberfl\u00e4che von WINDEV hinzugef\u00fcgten Funktionen werden bei diesen Funktionen entsprechend erw\u00e4hnt.<\/span><\/p>\n<p><span style=\"font-family: arial, helvetica, sans-serif;\">Z\u00f6gern Sie nicht, das Kontextmen\u00fc der Felder und Fenster Ihrer Anwendungen zu nutzen. Sie <\/span><span style=\"font-family: arial, helvetica, sans-serif;\">werden Funktionen entdecken, die Ihren spezifischen Anforderungen entsprechen.<\/span><\/p>\n<p>&nbsp;<\/p>\n<p><span style=\"font-size: 14pt; font-family: arial, helvetica, sans-serif;\"><strong>Inhaltsverzeichnis<\/strong><\/span><\/p>\n<p><span style=\"background-color: #ffff00;\"><span style=\"font-family: arial, helvetica, sans-serif;\">Nutzen Sie die Funktionen Ihrer Software optimal und e<\/span><span style=\"font-family: arial, helvetica, sans-serif;\">ntdecken Sie die automatischen Funktionen Ihrer Anwendungen <\/span><span style=\"font-family: arial, helvetica, sans-serif;\">(FAA)<\/span><\/span><\/p>\n<p><span style=\"text-decoration: underline;\"><span style=\"color: #0000ff;\"><a style=\"color: #0000ff;\" href=\"https:\/\/wiki.backplus.at\/vereinfachen-sie-ihre-berechnungen-mit-dem-taschenrechner\/\"><span style=\"font-family: arial, helvetica, sans-serif;\">Vereinfachen Sie Ihre Berechnungen mit dem Taschenrechner<\/span><\/a><\/span><\/span><\/p>\n<p><a href=\"https:\/\/wiki.backplus.at\/verwenden-sie-einen-kalender-zur-eingabe-ihrer-daten\/\"><span style=\"font-family: arial, helvetica, sans-serif;\"><span style=\"text-decoration: underline;\"><span style=\"color: #0000ff; text-decoration: underline;\">Verwenden Sie einen Kalender zur Eingabe Ihrer Daten<\/span><\/span><\/span><\/a><\/p>\n<p><span style=\"text-decoration: underline;\"><span style=\"color: #0000ff;\"><a style=\"color: #0000ff;\" href=\"https:\/\/wiki.backplus.at\/ihre-tabelle-schriftart-schriftgroesse-schriftfarbe-zeilenhoehe-etc-einstellen\/\"><span style=\"font-family: arial, helvetica, sans-serif;\">Ihre Tabellen: Schriftart, Schriftgr\u00f6\u00dfe, Schriftfarbe, Zeilenh\u00f6he etc. einstellen<\/span><\/a><\/span><\/span><\/p>\n<p><span style=\"text-decoration: underline;\"><span style=\"color: #0000ff;\"><a style=\"color: #0000ff;\" href=\"https:\/\/wiki.backplus.at\/ordnen-sie-die-in-ihren-tabellen-angezeigten-daten-neu\/\"><span style=\"font-family: arial, helvetica, sans-serif;\">Ordnen Sie die in Ihren Tabellen gezeigten Daten\/Spalten neu<\/span><\/a><\/span><\/span><\/p>\n<p><span style=\"text-decoration: underline;\"><span style=\"color: #0000ff;\"><a style=\"color: #0000ff;\" href=\"https:\/\/wiki.backplus.at\/unterdruecken-sie-die-anzeige-von-tabellen-spalten\/\"><span style=\"font-family: arial, helvetica, sans-serif;\">Unterdr\u00fccken Sie die Anzeige von Tabellen-Spalten<\/span><\/a><\/span><\/span><\/p>\n<p><span style=\"text-decoration: underline;\"><span style=\"color: #0000ff;\"><a style=\"color: #0000ff;\" href=\"https:\/\/wiki.backplus.at\/stellen-sie-die-originale-anzeige-ihrer-tabellen-wieder-her\/\"><span style=\"font-family: arial, helvetica, sans-serif;\">Stellen Sie die originale Anzeige Ihrer Tabellen wieder her<\/span><\/a><\/span><\/span><\/p>\n<p><span style=\"text-decoration: underline;\"><span style=\"color: #0000ff;\"><a style=\"color: #0000ff;\" href=\"https:\/\/wiki.backplus.at\/sortieren-sie-die-in-ihren-tabellen-angezeigten-daten\/\"><span style=\"font-family: arial, helvetica, sans-serif;\">Sortieren Sie die in Ihren Tabellen angezeigten Daten<\/span><\/a><\/span><\/span><\/p>\n<p><span style=\"text-decoration: underline;\"><span style=\"color: #0000ff;\"><a style=\"color: #0000ff;\" href=\"https:\/\/wiki.backplus.at\/das-drucken-eigener-listen-aka-berichte-aus-baeckerei-plus-v2\/\"><span style=\"font-family: arial, helvetica, sans-serif;\">Das Drucken eigener Listen (aka &#8222;Berichte&#8220;) aus <strong>B\u00e4ckerei Ideal!<\/strong><\/span><\/a><\/span><\/span><\/p>\n<p><span style=\"font-family: arial, helvetica, sans-serif;\">Vereinfachen Sie Ihre Suchvorg\u00e4nge in Tabellen<\/span><\/p>\n<p><span style=\"font-family: arial, helvetica, sans-serif;\">W\u00e4hlen Sie Ihre Daten schnell mithilfe von Filtern aus<\/span><\/p>\n<p><span style=\"font-family: arial, helvetica, sans-serif;\">Drucken Sie den Inhalt Ihrer Tabellen direkt aus<\/span><\/p>\n<p><span style=\"font-family: arial, helvetica, sans-serif;\">Kopieren Sie Ihre Daten ganz einfach<\/span><\/p>\n<p><span style=\"font-family: arial, helvetica, sans-serif;\">Exportieren Sie Ihre Daten nach Excel<\/span><\/p>\n<p><span style=\"font-family: arial, helvetica, sans-serif;\">Exportieren Sie Ihre Daten nach Word<\/span><\/p>\n<p><span style=\"font-family: arial, helvetica, sans-serif;\">Passen Sie Ihre Benutzeroberfl\u00e4che an: Verschieben, vergr\u00f6\u00dfern oder f\u00e4rben Sie Ihre Felder ein<\/span><\/p>\n<p><span style=\"font-family: arial, helvetica, sans-serif;\">Optimieren Sie Ihre Arbeitsabl\u00e4ufe durch das Erstellen von Tastaturk\u00fcrzeln<\/span><\/p>\n<p><span style=\"font-family: arial, helvetica, sans-serif;\">Werden Sie \u201eunn\u00f6tigerweise\u201c zur Best\u00e4tigung aufgefordert? Nutzen Sie die automatische Best\u00e4tigung<\/span><\/p>\n<p><span style=\"font-family: arial, helvetica, sans-serif;\">Passen Sie Ihre Diagramme an: Typ, Farbe, Legenden<\/span><\/p>\n<p><span style=\"font-family: arial, helvetica, sans-serif;\">Drucken Sie Berichte aus? Kommentieren, zoomen, exportieren, drucken und suchen Sie mit dem <\/span><span style=\"font-family: arial, helvetica, sans-serif;\">Berichts-Viewer<\/span><\/p>\n<p>&nbsp;<\/p>\n<p>&nbsp;<\/p>\n","protected":false},"excerpt":{"rendered":"<p>Zur\u00fcck zum Start des Hilfe-Systems B\u00e4ckerei Ideal! wurde mit WINDEV 2024 von PCSOFT (http:\/\/www.pcsoft.fr) erstellt. Das folgende ist eine an B\u00e4ckerei Ideal! angepasste Kurz-\u00dcbersetzung des in franz\u00f6sischer Sprache vorliegenden Dokuments AAF.PDF in deutsche Sprache. Siehe: https:\/\/pcsoft.fr\/windev\/faa\/1\/index.html Die englische Version (v18) liegt B\u00e4ckerei Ideal! bei und kann mit einem Klick auf die Schaltfl\u00e4che [\u00a0Hilfe\u00a0] links am [&hellip;]<\/p>\n","protected":false},"author":1,"featured_media":0,"parent":0,"menu_order":0,"comment_status":"closed","ping_status":"closed","template":"page-full.php","meta":{"footnotes":""},"class_list":["post-942","page","type-page","status-publish","hentry"],"_links":{"self":[{"href":"https:\/\/wiki.backideal.com\/index.php?rest_route=\/wp\/v2\/pages\/942","targetHints":{"allow":["GET"]}}],"collection":[{"href":"https:\/\/wiki.backideal.com\/index.php?rest_route=\/wp\/v2\/pages"}],"about":[{"href":"https:\/\/wiki.backideal.com\/index.php?rest_route=\/wp\/v2\/types\/page"}],"author":[{"embeddable":true,"href":"https:\/\/wiki.backideal.com\/index.php?rest_route=\/wp\/v2\/users\/1"}],"replies":[{"embeddable":true,"href":"https:\/\/wiki.backideal.com\/index.php?rest_route=%2Fwp%2Fv2%2Fcomments&post=942"}],"version-history":[{"count":9,"href":"https:\/\/wiki.backideal.com\/index.php?rest_route=\/wp\/v2\/pages\/942\/revisions"}],"predecessor-version":[{"id":949,"href":"https:\/\/wiki.backideal.com\/index.php?rest_route=\/wp\/v2\/pages\/942\/revisions\/949"}],"wp:attachment":[{"href":"https:\/\/wiki.backideal.com\/index.php?rest_route=%2Fwp%2Fv2%2Fmedia&parent=942"}],"curies":[{"name":"wp","href":"https:\/\/api.w.org\/{rel}","templated":true}]}}